{"id":9664,"date":"2022-11-11T10:58:35","date_gmt":"2023-03-12T16:41:23","guid":{"rendered":"https:\/\/www.lucul.shop\/?post_type=product&#038;p=9664"},"modified":"2024-12-01T00:00:45","modified_gmt":"2024-11-30T23:00:45","slug":"polenta-mit-kandierten-zwiebeln-131-g","status":"publish","type":"product","link":"https:\/\/www.lucul.shop\/de\/produkt\/polenta-mit-kandierten-zwiebeln-131-g\/","title":{"rendered":"Polenta mit kandierten Zwiebeln 131 g"},"content":{"rendered":"<p>Fertige Zubereitung f\u00fcr zwei auf der Basis von Polenta. Polenta enth\u00e4lt komplexe Kohlenhydrate, die schnell und lang anhaltend s\u00e4ttigen und Energie f\u00fcr lange Zeit liefern. Au\u00dferdem enth\u00e4lt sie Ballaststoffe, die gut f\u00fcr das Verdauungssystem sind. Mais ist reich an Antioxidantien, die beim Kochen noch weiter entwickelt werden. Ein nicht zu untersch\u00e4tzender Vorteil ist, dass er kein Gluten enth\u00e4lt.<\/p>\n<h3>Zutaten<\/h3>\n<p>Polenta 76% (CH), Tomaten 11,2%, Zwiebeln 4%, Apfelessigpulver, Gem\u00fcsebouillon (Salz, Maisst\u00e4rke, pflanzliches Protein (Mais), Hefeextrakt, Raps\u00f6l, Karottenfaser, Lauch, Petersilie, Kerbel, Knoblauch, Cayennepfeffer, Liebst\u00f6ckel)<\/p>\n<h3>Zubereitung<\/h3>\n<p>5 dl Wasser zum Kochen bringen, vom Herd nehmen und den Inhalt des Beutels dazugeben. 15 Min. umr\u00fchren. Abdecken und 5-10 Min. stehen lassen.<\/p>\n<h3>Allergen info<\/h3>\n<p>Peut contenir des traces de gluten<\/p>\n<h3>Haltbartkeit<\/h3>\n<p>Mindestens haltbar bis Ende\u00a0: 12 Monate<\/p>\n<h3>Wie man dieses Produkt benutzt<\/h3>\n","protected":false},"excerpt":{"rendered":"<p>Wie w\u00e4re es mit einer 100%igen Waadtl\u00e4nder Polenta mit kandierten Zwiebeln? Dieser Klassiker der italienischen und Tessiner Gastronomie wird derzeit auf der Domaine du Ch\u00e2teau in Cottens angebaut und bietet Ihnen eine k\u00f6stliche M\u00f6glichkeit, ihn zu probieren. Ganz nah &#8211; ganz bereit!<\/p>\n","protected":false},"featured_media":9172,"template":"","meta":{"_acf_changed":false},"product_brand":[],"product_cat":[413],"product_tag":[408,409],"class_list":{"0":"post-9664","1":"product","2":"type-product","3":"status-publish","4":"has-post-thumbnail","6":"product_cat-local-pot-de","7":"product_tag-sans-agents-conservateurs-de","8":"product_tag-sans-additifs-de","10":"first","11":"instock","12":"taxable","13":"shipping-taxable","14":"purchasable","15":"product-type-simple"},"acf":[],"_links":{"self":[{"href":"https:\/\/www.lucul.shop\/de\/wp-json\/wp\/v2\/product\/9664","targetHints":{"allow":["GET"]}}],"collection":[{"href":"https:\/\/www.lucul.shop\/de\/wp-json\/wp\/v2\/product"}],"about":[{"href":"https:\/\/www.lucul.shop\/de\/wp-json\/wp\/v2\/types\/product"}],"wp:featuredmedia":[{"embeddable":true,"href":"https:\/\/www.lucul.shop\/de\/wp-json\/wp\/v2\/media\/9172"}],"wp:attachment":[{"href":"https:\/\/www.lucul.shop\/de\/wp-json\/wp\/v2\/media?parent=9664"}],"wp:term":[{"taxonomy":"product_brand","embeddable":true,"href":"https:\/\/www.lucul.shop\/de\/wp-json\/wp\/v2\/product_brand?post=9664"},{"taxonomy":"product_cat","embeddable":true,"href":"https:\/\/www.lucul.shop\/de\/wp-json\/wp\/v2\/product_cat?post=9664"},{"taxonomy":"product_tag","embeddable":true,"href":"https:\/\/www.lucul.shop\/de\/wp-json\/wp\/v2\/product_tag?post=9664"}],"curies":[{"name":"wp","href":"https:\/\/api.w.org\/{rel}","templated":true}]}}