{"id":9662,"date":"2022-11-11T11:15:44","date_gmt":"2023-03-12T16:22:53","guid":{"rendered":"https:\/\/www.lucul.shop\/?post_type=product&#038;p=9662"},"modified":"2024-12-01T00:00:45","modified_gmt":"2024-11-30T23:00:45","slug":"quinoa-mit-kleinem-gemuese-und-chia-129-g-2","status":"publish","type":"product","link":"https:\/\/www.lucul.shop\/de\/produkt\/quinoa-mit-kleinem-gemuese-und-chia-129-g-2\/","title":{"rendered":"Quinoa mit kleinem Gem\u00fcse und Chia 129 g"},"content":{"rendered":"<p>Quinoa ist eine St\u00e4rke, die komplexe Kohlenhydrate enth\u00e4lt und reich an pflanzlichem Eiwei\u00df, Antioxidantien, Spurenelementen, Eisen, Vitamin B und wenig Fett ist, was sie zu einer interessanten Proteinquelle macht.<\/p>\n<h3>Zutaten<\/h3>\n<p>Quinoa 77.5% (CH), getrocknetes Gem\u00fcse 13.1% (Pastinaken, Zwiebeln, Karotten, Tomaten, Schnittlauch, Petersilie), Chia (CH) 1.6%, Gem\u00fcsebouillon (Salz, Maisst\u00e4rke, pflanzliches Eiwei\u00df (Mais), Hefeextrakt, Raps\u00f6l, Karottenfaser, Lauch, Kerbel, Knoblauch, Cayennepfeffer, Liebst\u00f6ckel).<\/p>\n<h3>Zubereitung<\/h3>\n<p>4.5 dl Wasser zum Kochen bringen, vom Herd nehmen und den Inhalt des Beutels dazugeben. 20 Min. r\u00fchren. 15 Min. zugedeckt stehen lassen.<\/p>\n<h3>Allergen info<\/h3>\n<p>Kann Spuren von Gluten enthalten<\/p>\n<h3>Haltbartkeit<\/h3>\n<p>Mindestens haltbar bis Ende\u00a0: 12 Monate<\/p>\n<h3>Wie man dieses Produkt benutzt<\/h3>\n","protected":false},"excerpt":{"rendered":"<p>Fertigpr\u00e4parat f\u00fcr zwei, entwickelt mit einem Landwirt in Donatyre (Waadtl\u00e4nder Broye), der seit 2018 Wei\u00dfe Quinoa anbaut. Diese aus S\u00fcdamerika stammende Pflanze scheint sich auch in unseren Breitengraden wohl zu f\u00fchlen. Quinoa wird f\u00fcr seinen feinen Geschmack gesch\u00e4tzt und versorgt Sie mit Proteinen, Mineralien und Antioxidantien. Mit hausgemachten Gew\u00fcrzen und kleinem Gem\u00fcse wird Quinoa zum absoluten Favoriten!<\/p>\n<p>Alle Fertiggerichte in der N\u00e4he<\/p>\n","protected":false},"featured_media":9176,"template":"","meta":{"_acf_changed":false},"product_brand":[],"product_cat":[413],"product_tag":[408,409],"class_list":{"0":"post-9662","1":"product","2":"type-product","3":"status-publish","4":"has-post-thumbnail","6":"product_cat-local-pot-de","7":"product_tag-sans-agents-conservateurs-de","8":"product_tag-sans-additifs-de","10":"first","11":"instock","12":"taxable","13":"shipping-taxable","14":"purchasable","15":"product-type-simple"},"acf":[],"_links":{"self":[{"href":"https:\/\/www.lucul.shop\/de\/wp-json\/wp\/v2\/product\/9662","targetHints":{"allow":["GET"]}}],"collection":[{"href":"https:\/\/www.lucul.shop\/de\/wp-json\/wp\/v2\/product"}],"about":[{"href":"https:\/\/www.lucul.shop\/de\/wp-json\/wp\/v2\/types\/product"}],"wp:featuredmedia":[{"embeddable":true,"href":"https:\/\/www.lucul.shop\/de\/wp-json\/wp\/v2\/media\/9176"}],"wp:attachment":[{"href":"https:\/\/www.lucul.shop\/de\/wp-json\/wp\/v2\/media?parent=9662"}],"wp:term":[{"taxonomy":"product_brand","embeddable":true,"href":"https:\/\/www.lucul.shop\/de\/wp-json\/wp\/v2\/product_brand?post=9662"},{"taxonomy":"product_cat","embeddable":true,"href":"https:\/\/www.lucul.shop\/de\/wp-json\/wp\/v2\/product_cat?post=9662"},{"taxonomy":"product_tag","embeddable":true,"href":"https:\/\/www.lucul.shop\/de\/wp-json\/wp\/v2\/product_tag?post=9662"}],"curies":[{"name":"wp","href":"https:\/\/api.w.org\/{rel}","templated":true}]}}