{"id":9659,"date":"2022-11-11T11:29:55","date_gmt":"2023-03-12T16:02:06","guid":{"rendered":"https:\/\/www.lucul.shop\/?post_type=product&#038;p=9659"},"modified":"2024-12-01T00:00:45","modified_gmt":"2024-11-30T23:00:45","slug":"curry-linsen-mit-karotten-152-g-2","status":"publish","type":"product","link":"https:\/\/www.lucul.shop\/de\/produkt\/curry-linsen-mit-karotten-152-g-2\/","title":{"rendered":"Curry-Linsen mit Karotten \u2013 152 g"},"content":{"rendered":"<p>Zubereitung f\u00fcr zwei auf der Grundlage von braunen Linsen und Speck. Linsen sind H\u00fclsenfr\u00fcchte, die als st\u00e4rkehaltig gelten und daher reich an komplexen Kohlenhydraten sind. Sie sind reich an pflanzlichem Eiwei\u00df, Antioxidantien, Mineralstoffen (Magnesium), Eisen, Vitamin B9 und fettarm, was diese Eiwei\u00dfquelle interessant macht. Linsen sind reich an Ballaststoffen, die die Verdauung anregen und das Risiko von Darmkrebs senken.<\/p>\n<h3>Zutaten<\/h3>\n<p>Gr\u00fcne Linsen 79% (CH), Zwiebeln 6,5%, Curry (<strong>Senf<\/strong>) 2,8%, Karotten 2,6%, rote Paprika, Gem\u00fcsebouillon (Salz, Maisst\u00e4rke, pflanzliches Protein (Mais), Hefeextrakt, Raps\u00f6l, Karottenfaser, Lauch, Petersilie, Kerbel, Knoblauch, Cayennepfeffer, Liebst\u00f6ckel).<\/p>\n<h3>Zubereitung<\/h3>\n<p>In 4 dl Wasser zugedeckt auf kleinem Feuer kochen, 30 Min. = al dente, 40 Min. = gou gekocht.<\/p>\n<h3>Allergen info<\/h3>\n<p>Kann Spuren von Gluten enthalten<\/p>\n<h3>Haltbartkeit<\/h3>\n<p>Mindestens haltbar bis Ende\u00a0: 12 Monate<\/p>\n<h3>Wie man dieses Produkt benutzt<\/h3>\n","protected":false},"excerpt":{"rendered":"<p><span class=\"Y2IQFc\" lang=\"de\">Alles bereit und f\u00fcr zwei, mit einer subtilen Gew\u00fcrzmischung, um sie zu sublimieren. Gr\u00fcne Linsen haben in den letzten Jahren ein bemerkenswertes Comeback auf unseren Tellern erlebt. Sie werden nicht nur wegen ihres Geschmacks gesch\u00e4tzt, sondern auch wegen ihrer N\u00e4hrwerte und ihres Protein-, Ballaststoff- und Mineralstoffgehalts. Seit 2017 werden sie auf der Domaine du Ch\u00e2teau in Cottens angebaut. Hei\u00df oder kalt in einer Verrine zu genie\u00dfen, Alles bereit-schlie\u00dfen!<\/span><\/p>\n","protected":false},"featured_media":9181,"template":"","meta":{"_acf_changed":false},"product_brand":[],"product_cat":[413],"product_tag":[408,409],"class_list":{"0":"post-9659","1":"product","2":"type-product","3":"status-publish","4":"has-post-thumbnail","6":"product_cat-local-pot-de","7":"product_tag-sans-agents-conservateurs-de","8":"product_tag-sans-additifs-de","10":"first","11":"instock","12":"taxable","13":"shipping-taxable","14":"purchasable","15":"product-type-simple"},"acf":[],"_links":{"self":[{"href":"https:\/\/www.lucul.shop\/de\/wp-json\/wp\/v2\/product\/9659","targetHints":{"allow":["GET"]}}],"collection":[{"href":"https:\/\/www.lucul.shop\/de\/wp-json\/wp\/v2\/product"}],"about":[{"href":"https:\/\/www.lucul.shop\/de\/wp-json\/wp\/v2\/types\/product"}],"wp:featuredmedia":[{"embeddable":true,"href":"https:\/\/www.lucul.shop\/de\/wp-json\/wp\/v2\/media\/9181"}],"wp:attachment":[{"href":"https:\/\/www.lucul.shop\/de\/wp-json\/wp\/v2\/media?parent=9659"}],"wp:term":[{"taxonomy":"product_brand","embeddable":true,"href":"https:\/\/www.lucul.shop\/de\/wp-json\/wp\/v2\/product_brand?post=9659"},{"taxonomy":"product_cat","embeddable":true,"href":"https:\/\/www.lucul.shop\/de\/wp-json\/wp\/v2\/product_cat?post=9659"},{"taxonomy":"product_tag","embeddable":true,"href":"https:\/\/www.lucul.shop\/de\/wp-json\/wp\/v2\/product_tag?post=9659"}],"curies":[{"name":"wp","href":"https:\/\/api.w.org\/{rel}","templated":true}]}}