{"id":9554,"date":"2023-02-17T15:53:53","date_gmt":"2023-02-17T14:53:53","guid":{"rendered":"https:\/\/www.lucul.shop\/?post_type=product&#038;p=9554"},"modified":"2025-05-06T11:26:15","modified_gmt":"2025-05-06T09:26:15","slug":"duo-walhweise-bouillon-excellence-rinds-huener-paste-2x500-g","status":"publish","type":"product","link":"https:\/\/www.lucul.shop\/de\/produit\/duo-walhweise-bouillon-excellence-rinds-huener-paste-2x500-g\/","title":{"rendered":"DUO WAHLWEISE BOUILLON &#8220;EXCELLENCE&#8221; PASTE rinds &#8211; h\u00fcner- 500 g"},"content":{"rendered":"<div class=\"column one-second mobile-one\"><div class=\"mcb-column-inner\"><\/p>\n<h3>Zutaten<\/h3>\n<p><a href=\"https:\/\/www.lucul.shop\/de\/produkt\/rinds-bouillon-excellence-paste-500-g\/\">RINDS BOUILLON \u201eEXCELLENCE\u201c PASTE \u2013 500 g<\/a><br \/>\n<a href=\"https:\/\/www.lucul.shop\/de\/produkt\/huehnerbouillon-excellence-paste-500\/\">H\u00dcHNERBOUILLON \u201eEXCELLENCE\u201c PASTE \u2013 500 g<\/a><br \/>\n\/one_second]<\/p>\n<div class=\"column one-second mobile-one\"><div class=\"mcb-column-inner\"><\/div><\/div>\n<h3>Zubereitung<\/h3>\n<p><a href=\"https:\/\/www.lucul.shop\/de\/produkt\/rinds-bouillon-excellence-paste-500-g\/\">RINDS BOUILLON \u201eEXCELLENCE\u201c PASTE \u2013 500 g<\/a><br \/>\n<a href=\"https:\/\/www.lucul.shop\/de\/produkt\/huehnerbouillon-excellence-paste-500\/\">H\u00dcHNERBOUILLON \u201eEXCELLENCE\u201c PASTE \u2013 500 g<\/a><br \/>\n<\/div><\/div>\n\n<hr class=\"\" style=\"margin:0 auto 30px;\"\/>\n\n<div class=\"column one-second mobile-one\"><div class=\"mcb-column-inner\"><\/p>\n<h3>Allergen info<\/h3>\n<p>Allergenfrei.<\/div><\/div>\n\n<div class=\"column one-second mobile-one\"><div class=\"mcb-column-inner\"><\/p>\n<h3>Haltbartkeit<\/h3>\n<p><span lang=\"de\" xml:lang=\"de\">12 Monaten.\u00a0<\/span>Vor W\u00e4rme und Feuchtigkeit sch\u00fctzen.<\/div><\/div>\n\n<hr class=\"\" style=\"margin:0 auto 30px;\"\/>\n\n<div class=\"column one-second mobile-one\"><div class=\"mcb-column-inner\"><\/p>\n<h3>Wie man dieses Produkt benutzt<\/h3>\n<p>Entdecken Sie die Rezepte, die dieses Produkt verwenden.<\/p>\n<p><\/div><\/div>\n\n<div class=\"column one-second mobile-one\"><div class=\"mcb-column-inner\"><\/p>\n<h3>Ern\u00e4hrungswerte<\/h3>\n<p>100 g \/ ml enth\u00e4lt:<\/p>\n<table class=\"nutdetail\">\n<tbody>\n<tr>\n<td class=\"naehr1\" style=\"text-align: left;\"><\/td>\n<td class=\"naehr2\" style=\"text-align: left;\"><\/td>\n<td class=\"naehr3\" style=\"text-align: left;\">Menge<\/td>\n<\/tr>\n<tr class=\"\">\n<td class=\"naehr1\" style=\"text-align: left;\">Energiewert KJ<\/td>\n<td class=\"naehr2\"><\/td>\n<td class=\"black naehr3\" style=\"text-align: left;\"><\/td>\n<\/tr>\n<tr class=\"backgreen\">\n<td class=\"naehr1\" style=\"text-align: left;\">Energiewert Kcal<\/td>\n<td class=\"naehr2\"><\/td>\n<td class=\"black naehr3\" style=\"text-align: left;\"><\/td>\n<\/tr>\n<tr class=\"\">\n<td class=\"naehr1\" style=\"text-align: left;\">Fett<\/td>\n<td class=\"naehr2\"><\/td>\n<td class=\"black naehr3\" style=\"text-align: left;\"><\/td>\n<\/tr>\n<tr class=\"backgreen\">\n<td style=\"text-align: left;\" colspan=\"5\">davon:<\/td>\n<\/tr>\n<tr class=\"\">\n<td class=\"naehr1\">&#8212;<\/td>\n<td class=\"naehr2\" style=\"text-align: left;\">ges\u00e4ttigte Fettsa\u00fcren<\/td>\n<td class=\"black naehr3\" style=\"text-align: left;\"><\/td>\n<\/tr>\n<tr class=\"backgreen\">\n<td class=\"naehr1\" style=\"text-align: left;\">Kohlenhydrate<\/td>\n<td class=\"naehr2\"><\/td>\n<td class=\"black naehr3\" style=\"text-align: left;\"><\/td>\n<\/tr>\n<tr class=\"\">\n<td style=\"text-align: left;\" colspan=\"5\">davon:<\/td>\n<\/tr>\n<tr class=\"backgreen\">\n<td class=\"naehr1\">&#8212;<\/td>\n<td class=\"naehr2\" style=\"text-align: left;\">Zucker<\/td>\n<td class=\"black naehr3\" style=\"text-align: left;\"><\/td>\n<\/tr>\n<tr class=\"\">\n<td class=\"naehr1\" style=\"text-align: left;\">Eiweiss<\/td>\n<td class=\"naehr2\"><\/td>\n<td class=\"black naehr3\" style=\"text-align: left;\"><\/td>\n<\/tr>\n<tr class=\"backgreen\">\n<td class=\"naehr1\" style=\"text-align: left;\">Salz<\/td>\n<td class=\"naehr2\" style=\"text-align: left;\"><\/td>\n<td class=\"black naehr3\" style=\"text-align: left;\"><\/td>\n<\/tr>\n<\/tbody>\n<\/table>\n<p><\/div><\/div>\n\n<hr class=\"\" style=\"margin:0 auto 30px;\"\/>\n\n","protected":false},"excerpt":{"rendered":"<div id=\"short_description_block\">\n<div id=\"short_description_content\" class=\"rte align_justify\">\n<p>Diese ganz neue Rindsbouillon mit Sheabutter ist reich an Omega 3 und 6. Die unges\u00e4ttigten Fetts\u00e4uren (auch gesunde Fetts\u00e4uren genannt) sch\u00fctzen die Herz-Kreislauf Funktionen. F\u00fcr jede K\u00fcche geeignet!<\/p>\n<\/div>\n<\/div>\n<p><a href=\"https:\/\/www.lucul.shop\/produit-etiquette\/sans-lactose\/\" data-wp-editing=\"1\"><img loading=\"lazy\" decoding=\"async\" class=\"alignnone size-full wp-image-5727\" src=\"https:\/\/www.lucul.shop\/wp-content\/uploads\/2019\/05\/icon-food_sans-lactose.png\" alt=\"\" width=\"23\" height=\"23\" \/>\u00a0 Laktosefrei<\/a><a href=\"https:\/\/www.lucul.shop\/produit-etiquette\/sans-gluten\/\"><br \/>\n<\/a><a href=\"https:\/\/www.lucul.shop\/de\/produit-etiquette\/gluten-frei\/\"><img loading=\"lazy\" decoding=\"async\" class=\"alignnone size-full wp-image-4514\" src=\"https:\/\/www.lucul.shop\/wp-content\/uploads\/2018\/08\/icon-food_Plan-de-travail-1-copie-3.png\" alt=\"\" width=\"23\" height=\"23\" \/> \u00a0\u00a0Gluten-frei<\/a><br \/>\n<a href=\"https:\/\/www.lucul.shop\/de\/produit-etiquette\/allergenfrei\/\"><img loading=\"lazy\" decoding=\"async\" class=\"alignnone size-full wp-image-5728\" src=\"https:\/\/www.lucul.shop\/wp-content\/uploads\/2019\/05\/icon-food_sans-allergene.png\" alt=\"\" width=\"23\" height=\"23\" \/>\u00a0 Allergenfrei<\/a><\/p>\n","protected":false},"featured_media":5995,"template":"","meta":{"_acf_changed":false},"product_brand":[],"product_cat":[367,446],"product_tag":[443,426,423,435,441,442,549],"class_list":{"0":"post-9554","1":"product","2":"type-product","3":"status-publish","4":"has-post-thumbnail","6":"product_cat-bruehe","7":"product_cat-pate-de","8":"product_tag-allergenfrei","9":"product_tag-bruehen","10":"product_tag-gluten-frei","11":"product_tag-laktosefrei","12":"product_tag-ohne-sellerie","13":"product_tag-palm-fettfrei","14":"product_tag-sans-glutamate-de-2","16":"first","17":"instock","18":"taxable","19":"shipping-taxable","20":"purchasable","21":"product-type-woosb"},"acf":[],"_links":{"self":[{"href":"https:\/\/www.lucul.shop\/de\/wp-json\/wp\/v2\/product\/9554","targetHints":{"allow":["GET"]}}],"collection":[{"href":"https:\/\/www.lucul.shop\/de\/wp-json\/wp\/v2\/product"}],"about":[{"href":"https:\/\/www.lucul.shop\/de\/wp-json\/wp\/v2\/types\/product"}],"wp:featuredmedia":[{"embeddable":true,"href":"https:\/\/www.lucul.shop\/de\/wp-json\/wp\/v2\/media\/5995"}],"wp:attachment":[{"href":"https:\/\/www.lucul.shop\/de\/wp-json\/wp\/v2\/media?parent=9554"}],"wp:term":[{"taxonomy":"product_brand","embeddable":true,"href":"https:\/\/www.lucul.shop\/de\/wp-json\/wp\/v2\/product_brand?post=9554"},{"taxonomy":"product_cat","embeddable":true,"href":"https:\/\/www.lucul.shop\/de\/wp-json\/wp\/v2\/product_cat?post=9554"},{"taxonomy":"product_tag","embeddable":true,"href":"https:\/\/www.lucul.shop\/de\/wp-json\/wp\/v2\/product_tag?post=9554"}],"curies":[{"name":"wp","href":"https:\/\/api.w.org\/{rel}","templated":true}]}}