{"id":9183,"date":"2022-11-11T11:44:37","date_gmt":"2022-11-11T10:44:38","guid":{"rendered":"https:\/\/www.lucul.shop\/?post_type=product&#038;p=9183"},"modified":"2024-12-01T00:00:45","modified_gmt":"2024-11-30T23:00:45","slug":"local-pot-linsen-mit-zwiebeln-und-specke-145-g","status":"publish","type":"product","link":"https:\/\/www.lucul.shop\/de\/produkt\/local-pot-linsen-mit-zwiebeln-und-specke-145-g\/","title":{"rendered":"Linsen mit Zwiebeln und Specke &#8211; 145 g"},"content":{"rendered":"<p id=\"tw-target-text\" class=\"tw-data-text tw-text-large tw-ta\" dir=\"ltr\" data-placeholder=\"Traduction\"><span class=\"Y2IQFc\" lang=\"de\">Zubereitung f\u00fcr zwei Personen auf der Basis von braunen Linsen und Speck. Linsen gelten als st\u00e4rkehaltige H\u00fclsenfr\u00fcchte und sind daher reich an komplexen Kohlenhydraten, sie sind reich an pflanzlichem Eiwei\u00df, Antioxidantien, Mineralien (Magnesium), Eisen, Vitamin B9 und arm an Lipiden, was diese Proteinquelle interessant macht. Linsen sind reich an Ballaststoffen, die den Transit anregen und das Darmkrebsrisiko senken.<\/span><\/p>\n<h3>Zutaten<\/h3>\n<p>Braune Linsen 83% (CH), Zwiebeln 6,8%, Karotten, ger\u00e4uchertes Speckpulver 2%, Rinderconsomm\u00e9 (Salz, Maisst\u00e4rke, pflanzliches Protein (Mais), Raps\u00f6l, Hefeextrakt, Rindfleischextrakt, Karottenfaser, nat\u00fcrliches Kalbfleischaroma, Petersilie, Knoblauch, Muskatnuss, Cayennepfeffer).<\/p>\n<h3>Zubereitung<\/h3>\n<p>In 4 dl Wasser zugedeckt auf kleinem Feuer kochen, 30 Min. = al dente, 40 Min. = gou gekocht.<\/p>\n<h3>Allergen info<\/h3>\n<p>Kann Spuren von Gluten enthalten<\/p>\n<h3>Haltbartkeit<\/h3>\n<p>Mindestens haltbar bis Ende\u00a0: 12 Monate<\/p>\n<h3>Wie man dieses Produkt benutzt<\/h3>\n<p>&nbsp;<\/p>\n","protected":false},"excerpt":{"rendered":"<p>Fertig f\u00fcr zwei, auf traditionelle Art und Weise mit einem guten Duft von ger\u00f6stetem Speck . Braune Linsen haben in den letzten Jahren ein bemerkenswertes Comeback auf unseren Tellern erlebt. Sie werden nicht nur wegen ihres Geschmacks, sondern auch wegen ihrer N\u00e4hrwerte und ihres Gehalts an Proteinen, Ballaststoffen und Mineralien gesch\u00e4tzt. Seit 2017 werden sie auf der Domaine du Ch\u00e2teau in Cottens angebaut. Genie\u00dfen Sie sie warm oder kalt im Glas.<\/p>\n<p>Alles fertig-alles nah!<\/p>\n","protected":false},"featured_media":9185,"template":"","meta":{"_acf_changed":false},"product_brand":[],"product_cat":[413],"product_tag":[408,409],"class_list":{"0":"post-9183","1":"product","2":"type-product","3":"status-publish","4":"has-post-thumbnail","6":"product_cat-local-pot-de","7":"product_tag-sans-agents-conservateurs-de","8":"product_tag-sans-additifs-de","10":"first","11":"instock","12":"taxable","13":"shipping-taxable","14":"purchasable","15":"product-type-simple"},"acf":[],"_links":{"self":[{"href":"https:\/\/www.lucul.shop\/de\/wp-json\/wp\/v2\/product\/9183","targetHints":{"allow":["GET"]}}],"collection":[{"href":"https:\/\/www.lucul.shop\/de\/wp-json\/wp\/v2\/product"}],"about":[{"href":"https:\/\/www.lucul.shop\/de\/wp-json\/wp\/v2\/types\/product"}],"wp:featuredmedia":[{"embeddable":true,"href":"https:\/\/www.lucul.shop\/de\/wp-json\/wp\/v2\/media\/9185"}],"wp:attachment":[{"href":"https:\/\/www.lucul.shop\/de\/wp-json\/wp\/v2\/media?parent=9183"}],"wp:term":[{"taxonomy":"product_brand","embeddable":true,"href":"https:\/\/www.lucul.shop\/de\/wp-json\/wp\/v2\/product_brand?post=9183"},{"taxonomy":"product_cat","embeddable":true,"href":"https:\/\/www.lucul.shop\/de\/wp-json\/wp\/v2\/product_cat?post=9183"},{"taxonomy":"product_tag","embeddable":true,"href":"https:\/\/www.lucul.shop\/de\/wp-json\/wp\/v2\/product_tag?post=9183"}],"curies":[{"name":"wp","href":"https:\/\/api.w.org\/{rel}","templated":true}]}}