{"id":8325,"date":"2022-02-21T15:38:16","date_gmt":"2022-02-21T14:38:17","guid":{"rendered":"https:\/\/www.lucul.shop\/?post_type=product&#038;p=8325"},"modified":"2023-04-20T13:34:17","modified_gmt":"2023-04-20T11:34:17","slug":"bratensauce-und-brauner-kalbsfond-pulver-250g-100g","status":"publish","type":"product","link":"https:\/\/www.lucul.shop\/de\/produkt\/bratensauce-und-brauner-kalbsfond-pulver-250g-100g\/","title":{"rendered":"BRATENSAUCE &#8211; BRAUNER-KALBSFOND &#8211; PULVER &#8211; ZWIEBELSUPPE"},"content":{"rendered":"<div class=\"column one-second mobile-one\"><div class=\"mcb-column-inner\"><\/p>\n<h3>Zutaten &#8211; Bratensauce<\/h3>\n<p>Maisst\u00e4rke, Maltodextrin (Kartoffel), Buchweizenmehl, Hefeextrakt, nat\u00fcrlicher Geschmack, Zwiebeln, feines Kochsalz ohne Jod, Raps\u00f6l, Naturfaser, Rindfleisch Extrakt, Tomaten, Paprika, Karotten, Knoblauch, Apfelessig, Cayennepfeffer, Lorbeer, Chili, Thymian.<\/div><\/div>\n\n<div class=\"column one-second mobile-one\"><div class=\"mcb-column-inner\"><\/p>\n<h3>Zutaten &#8211; Brauner-Kalbsfond<\/h3>\n<p>Nat\u00fcrliches Kalbsaroma, Hefeextrakt, Maltodextrin(Kartoffeln), Licht muscovado Zucker, Tomaten Pulver, Rindfleischpulver, Zwiebeln, Sonnenblumen\u00f6l.<\/div><\/div>\n\n<hr class=\"\" style=\"margin:0 auto 30px;\"\/>\n\n<div class=\"column one-second mobile-one\"><div class=\"mcb-column-inner\"><\/p>\n<h3>Zubereitung &#8211; Bratensauce<\/h3>\n<p>40 g (3 Essl\u00f6ffel) in 4 dl kochendem Wasser aufl\u00f6sen, 2 min auf kleinem Feuer kochen lassen.<\/div><\/div>\n\n<div class=\"column one-second mobile-one\"><div class=\"mcb-column-inner\"><\/p>\n<h3>Zutaten &#8211; Zwiebelsuppe<\/h3>\n<p>Zwiebeln (36,5%),\u00a0<strong>Sojamehl (Soja)<\/strong>, Hefeextrakt, Salz ohne Jod, nat\u00fcrliches Aroma, Kartoffelst\u00e4rke, Raps\u00f6l, pflanzliches Eiweiss, Paprika, Maisst\u00e4rke, Zucker, Wei\u00dfweinpulver, Knoblauch, Tomatenmark, Kurkuma, Apfelessig, Kreuzk\u00fcmmel, schwarzer Pfeffer, Lauch, Petersilie, Karotten..<\/div><\/div>\n\n<div class=\"column one-second mobile-one\"><div class=\"mcb-column-inner\"><\/p>\n<h3>Zubereitung &#8211; Brauner-Kalbsfond<\/h3>\n<p>2 Essl\u00f6ffeln (22 g) in 1 Liter leicht Kochendem Wasser aufgel\u00f6st.<\/div><\/div>\n\n<div class=\"column one-second mobile-one\"><div class=\"mcb-column-inner\"><\/p>\n<h3>Zubereitung &#8211; Zwiebelsuppe<\/h3>\n<p>70 g in 1 Liter warmes Wasser streuen und unter Umr\u00fchren zum kochen bringen. Zudecken und auf kleinen Feuer 15 Min. kochen lassen.<\/div><\/div>\n\n<div class=\"column one-second mobile-one\"><div class=\"mcb-column-inner\"><\/p>\n<h3>Allergen info<\/h3>\n<p>Enth\u00e4lt\u00a0<strong>Gluten<\/strong>.<\/div><\/div>\n\n<div class=\"column one-second mobile-one\"><div class=\"mcb-column-inner\"><\/p>\n<h3>Haltbartkeit<\/h3>\n<p>18 Monaten. Vor W\u00e4rme und Feuchtigkeit sch\u00fctzen.<\/div><\/div>\n\n<hr class=\"\" style=\"margin:0 auto 30px;\"\/>\n\n<div class=\"column one-second mobile-one\"><div class=\"mcb-column-inner\"><\/p>\n<h3>Wie man dieses Produkt benutzt<\/h3>\n<p>Entdecken Sie die Rezepte, die dieses Produkt verwenden.<\/p>\n<p>&nbsp;<\/p>\n<p><\/div><\/div>\n\n<div class=\"column one-second mobile-one\"><div class=\"mcb-column-inner\"><\/p>\n<h3>Ern\u00e4hrungswerte<\/h3>\n<p>100 g \/ ml enth\u00e4lt: <a href=\"https:\/\/www.lucul.shop\/de\/produkt\/bratensauce-pulver-250-g\/\">Bratensauce<\/a> &#8211; <a href=\"https:\/\/www.lucul.shop\/de\/produkt\/brauner-kalbsfond-pulver-ohne-zuzatz-von-salz-100-g\/\">Brauner-Kalbsfond<\/a><\/p>\n<table class=\"nutdetail\">\n<tbody>\n<tr>\n<td class=\"naehr1\" style=\"text-align: left;\"><\/td>\n<td class=\"naehr2\" style=\"text-align: left;\"><\/td>\n<td class=\"naehr3\" style=\"text-align: left;\">Quantit\u00e9<\/td>\n<\/tr>\n<tr class=\"\">\n<td class=\"naehr1\" style=\"text-align: left;\">\u00c9nergie en KJ<\/td>\n<td class=\"naehr2\"><\/td>\n<td class=\"black naehr3\" style=\"text-align: left;\"><\/td>\n<\/tr>\n<tr class=\"backgreen\">\n<td class=\"naehr1\" style=\"text-align: left;\">\u00c9nergie en Kcal<\/td>\n<td class=\"naehr2\"><\/td>\n<td class=\"black naehr3\" style=\"text-align: left;\"><\/td>\n<\/tr>\n<tr class=\"\">\n<td class=\"naehr1\" style=\"text-align: left;\">Gras total<\/td>\n<td class=\"naehr2\"><\/td>\n<td class=\"black naehr3\" style=\"text-align: left;\"><\/td>\n<\/tr>\n<tr class=\"backgreen\">\n<td style=\"text-align: left;\" colspan=\"5\">dont:<\/td>\n<\/tr>\n<tr class=\"\">\n<td class=\"naehr1\">&#8212;<\/td>\n<td class=\"naehr2\" style=\"text-align: left;\">Acide gras satur\u00e9<\/td>\n<td class=\"black naehr3\" style=\"text-align: left;\"><\/td>\n<\/tr>\n<tr class=\"backgreen\">\n<td class=\"naehr1\" style=\"text-align: left;\">Hydrates de carbone total<\/td>\n<td class=\"naehr2\"><\/td>\n<td class=\"black naehr3\" style=\"text-align: left;\"><\/td>\n<\/tr>\n<tr class=\"\">\n<td style=\"text-align: left;\" colspan=\"5\">dont:<\/td>\n<\/tr>\n<tr class=\"backgreen\">\n<td class=\"naehr1\">&#8212;<\/td>\n<td class=\"naehr2\" style=\"text-align: left;\">Sucres<\/td>\n<td class=\"black naehr3\" style=\"text-align: left;\"><\/td>\n<\/tr>\n<tr class=\"\">\n<td class=\"naehr1\" style=\"text-align: left;\">Fibre alimentaire<\/td>\n<td class=\"naehr2\"><\/td>\n<td class=\"black naehr3\" style=\"text-align: left;\"><\/td>\n<\/tr>\n<tr class=\"\">\n<td class=\"naehr1\" style=\"text-align: left;\">Prot\u00e9ine<\/td>\n<td class=\"naehr2\"><\/td>\n<td class=\"black naehr3\" style=\"text-align: left;\"><\/td>\n<\/tr>\n<tr class=\"backgreen\">\n<td class=\"naehr1\" style=\"text-align: left;\">Sel<\/td>\n<td class=\"naehr2\" style=\"text-align: left;\"><\/td>\n<td class=\"black naehr3\" style=\"text-align: left;\"><\/td>\n<\/tr>\n<\/tbody>\n<\/table>\n<p><\/div><\/div>\n\n<hr class=\"\" style=\"margin:0 auto 30px;\"\/>\n\n","protected":false},"excerpt":{"rendered":"<div id=\"short_description_block\">\n<div id=\"short_description_content\" class=\"rte align_justify\">\n<div id=\"short_description_block\">\n<div id=\"short_description_content\" class=\"rte align_justify\">\n<div id=\"short_description_block\">\n<div id=\"short_description_content\" class=\"rte align_justify\">\n<div id=\"short_description_block\">\n<div id=\"short_description_content\" class=\"rte align_justify\">\n<div id=\"short_description_block\">\n<div id=\"short_description_content\" class=\"rte align_justify\">\n<p>Unser brauner Kalbsfond hat sowohl Hobbyk\u00f6che als auch Profis f\u00fcr sich gewonnen. Seine karamellisierten Aromen und sein guter Geschmack nach ger\u00f6stetem Fleisch und Knochen werden Ihre Saucen verfeinern.<\/p>\n<p>Die Zugabe unserer 100 % nat\u00fcrlichen Sauce R\u00f4ti li\u00e9e zur Verst\u00e4rkung der Aromen wird bei der Zubereitung Ihrer &#8220;hausgemachten&#8221; Gerichte schnell zur Gewohnheit werden !<\/p>\n<p>Beenden Sie den Vorgang, indem Sie eine halbe T\u00fcte Zwiebelsuppe f\u00fcr eine So\u00dfe f\u00fcr Ihre Bratwurst einr\u00fchren.<\/p>\n<\/div>\n<\/div>\n<\/div>\n<\/div>\n<\/div>\n<\/div>\n<\/div>\n<\/div>\n<\/div>\n<\/div>\n","protected":false},"featured_media":9599,"template":"","meta":{"_acf_changed":false},"product_brand":[],"product_cat":[369,368],"product_tag":[443,423,435,441,442],"class_list":{"0":"post-8325","1":"product","2":"type-product","3":"status-publish","4":"has-post-thumbnail","6":"product_cat-saucen","7":"product_cat-saucenfond","8":"product_tag-allergenfrei","9":"product_tag-gluten-frei","10":"product_tag-laktosefrei","11":"product_tag-ohne-sellerie","12":"product_tag-palm-fettfrei","14":"first","15":"instock","16":"taxable","17":"shipping-taxable","18":"purchasable","19":"product-type-woosb"},"acf":[],"_links":{"self":[{"href":"https:\/\/www.lucul.shop\/de\/wp-json\/wp\/v2\/product\/8325","targetHints":{"allow":["GET"]}}],"collection":[{"href":"https:\/\/www.lucul.shop\/de\/wp-json\/wp\/v2\/product"}],"about":[{"href":"https:\/\/www.lucul.shop\/de\/wp-json\/wp\/v2\/types\/product"}],"wp:featuredmedia":[{"embeddable":true,"href":"https:\/\/www.lucul.shop\/de\/wp-json\/wp\/v2\/media\/9599"}],"wp:attachment":[{"href":"https:\/\/www.lucul.shop\/de\/wp-json\/wp\/v2\/media?parent=8325"}],"wp:term":[{"taxonomy":"product_brand","embeddable":true,"href":"https:\/\/www.lucul.shop\/de\/wp-json\/wp\/v2\/product_brand?post=8325"},{"taxonomy":"product_cat","embeddable":true,"href":"https:\/\/www.lucul.shop\/de\/wp-json\/wp\/v2\/product_cat?post=8325"},{"taxonomy":"product_tag","embeddable":true,"href":"https:\/\/www.lucul.shop\/de\/wp-json\/wp\/v2\/product_tag?post=8325"}],"curies":[{"name":"wp","href":"https:\/\/api.w.org\/{rel}","templated":true}]}}