{"id":7538,"date":"2021-08-19T09:09:30","date_gmt":"2021-08-19T07:09:30","guid":{"rendered":"https:\/\/www.lucul.shop\/?post_type=product&#038;p=7538"},"modified":"2023-04-11T14:13:43","modified_gmt":"2023-04-11T12:13:43","slug":"bruehe-fuer-fondue-chinoise-und-walliser-fondue-valaisanne-mix-49-g","status":"publish","type":"product","link":"https:\/\/www.lucul.shop\/de\/produkt\/bruehe-fuer-fondue-chinoise-und-walliser-fondue-valaisanne-mix-49-g\/","title":{"rendered":"Br\u00fche f\u00fcr Fondue Chinoise und Walliser Fondue &#8220;VALAISANNE MIX&#8221; &#8211; 49 g"},"content":{"rendered":"<div class=\"column one-second mobile-one\"><div class=\"mcb-column-inner\"><\/p>\n<h3>Zutaten<\/h3>\n<p>Maisst\u00e4rke, Rindfleischextrakt, jodfreies Feinsalz, Raps\u00f6l, Hefeextrakt, F\u00fcllhorn Pilze, Lauch, Zwiebeln, nat\u00fcrliche Ballaststoffe, aromatische Kr\u00e4uter, Petersilie, Karotten, Knoblauch, Muskatnuss, Cayennepfeffer.<\/p>\n<p>.<\/div><\/div>\n\n<div class=\"column one-second mobile-one\"><div class=\"mcb-column-inner\"><\/p>\n<h3>Zubereitung<\/h3>\n<p>49g (1Beutel) in 1 Liter leicht kochendem Wasser aufgel\u00f6st, ergibt eine feinschmeckende w\u00fcrzige Br\u00fche f\u00fcr Fondue Chinoise oder Walliser Fondue, 1 Liter Weissweis f\u00fcr einer Winzer fondue.<\/div><\/div>\n\n<hr class=\"\" style=\"margin:0 auto 30px;\"\/>\n\n<div class=\"column one-second mobile-one\"><div class=\"mcb-column-inner\"><\/p>\n<h3>Allergen info<\/h3>\n<p>Allergen frei.<\/div><\/div>\n\n<div class=\"column one-second mobile-one\"><div class=\"mcb-column-inner\"><\/p>\n<h3>Haltbartkeit<\/h3>\n<p>18 Monaten. Vor W\u00e4rme und Feuchtigkeit sch\u00fctzen.<\/div><\/div>\n\n<hr class=\"\" style=\"margin:0 auto 30px;\"\/>\n\n<div class=\"column one-second mobile-one\"><div class=\"mcb-column-inner\"><\/p>\n<h3>Wie man dieses Produkt benutzt<\/h3>\n<p>Nichts einfacher als das: Wasser oder Wein, unser\u00a0 Fondue Valaisanne Beutel, alles zum Kochen bringen und fertig !<\/p>\n<p><\/div><\/div>\n\n<div class=\"column one-second mobile-one\"><div class=\"mcb-column-inner\"><\/p>\n<h3>Ern\u00e4hrungswerte<\/h3>\n<p>100 g \/ ml enth\u00e4lt:<\/p>\n<table class=\"nutdetail\">\n<tbody>\n<tr>\n<td class=\"naehr1\" style=\"text-align: left;\"><\/td>\n<td class=\"naehr2\" style=\"text-align: left;\"><\/td>\n<td class=\"naehr3\" style=\"text-align: left;\">Menge<\/td>\n<\/tr>\n<tr class=\"\">\n<td class=\"naehr1\" style=\"text-align: left;\">Energiewert KJ<\/td>\n<td class=\"naehr2\"><\/td>\n<td class=\"black naehr3\" style=\"text-align: left;\">1395 KJ<\/td>\n<\/tr>\n<tr class=\"backgreen\">\n<td class=\"naehr1\" style=\"text-align: left;\">Energiewert Kcal<\/td>\n<td class=\"naehr2\"><\/td>\n<td class=\"black naehr3\" style=\"text-align: left;\">333 Kcal<\/td>\n<\/tr>\n<tr class=\"\">\n<td class=\"naehr1\" style=\"text-align: left;\">Fett<\/td>\n<td class=\"naehr2\"><\/td>\n<td class=\"black naehr3\" style=\"text-align: left;\">12.9 g<\/td>\n<\/tr>\n<tr class=\"backgreen\">\n<td style=\"text-align: left;\" colspan=\"5\">davon:<\/td>\n<\/tr>\n<tr class=\"\">\n<td class=\"naehr1\">&#8212;<\/td>\n<td class=\"naehr2\" style=\"text-align: left;\">ges\u00e4ttigte Fettsa\u00fcren<\/td>\n<td class=\"black naehr3\" style=\"text-align: left;\">1.1 g<\/td>\n<\/tr>\n<tr class=\"backgreen\">\n<td class=\"naehr1\" style=\"text-align: left;\">Kohlenhydrate<\/td>\n<td class=\"naehr2\"><\/td>\n<td class=\"black naehr3\" style=\"text-align: left;\">40.9 g<\/td>\n<\/tr>\n<tr class=\"\">\n<td style=\"text-align: left;\" colspan=\"5\">davon:<\/td>\n<\/tr>\n<tr class=\"backgreen\">\n<td class=\"naehr1\">&#8212;<\/td>\n<td class=\"naehr2\" style=\"text-align: left;\">Zucker<\/td>\n<td class=\"black naehr3\" style=\"text-align: left;\">6.6 g<\/td>\n<\/tr>\n<tr class=\"\">\n<td class=\"naehr1\" style=\"text-align: left;\">Nahrungsfaser<\/td>\n<td class=\"naehr2\"><\/td>\n<td class=\"black naehr3\" style=\"text-align: left;\">8.0 g<\/td>\n<\/tr>\n<tr class=\"\">\n<td class=\"naehr1\" style=\"text-align: left;\">Eiweiss<\/td>\n<td class=\"naehr2\"><\/td>\n<td class=\"black naehr3\" style=\"text-align: left;\">12.8 g<\/td>\n<\/tr>\n<tr class=\"backgreen\">\n<td class=\"naehr1\" style=\"text-align: left;\">Salz<\/td>\n<td class=\"naehr2\" style=\"text-align: left;\"><\/td>\n<td class=\"black naehr3\" style=\"text-align: left;\">18.8 g<\/td>\n<\/tr>\n<\/tbody>\n<\/table>\n<p><\/div><\/div>\n\n<hr class=\"\" style=\"margin:0 auto 30px;\"\/>\n\n","protected":false},"excerpt":{"rendered":"<h4>Rindsbouillon f\u00fcr Fondue Chinoise und Walliser Fondue: 100 % Natural<\/h4>\n<div id=\"short_description_block\">\n<div id=\"short_description_content\" class=\"rte align_justify\">\n<p>Um den Geschmack dieses neuen Trends noch zu verst\u00e4rken und den Genuss dieses neuen Fleisches noch einfacher zu machen, hat Lucul Swiss beschlossen, eine fein gew\u00fcrzte und <strong>leicht gesalzene Rinderbr\u00fche<\/strong> mit gehacktem Gem\u00fcse, ganzen F\u00fcllh\u00f6rnern und Grand St. Bernard Kr\u00e4utern zu kreieren: die <strong>Chinoise und Glareyarde <\/strong>Fondue-Br\u00fche<\/p>\n<p>&#8220;<strong>Valaisanne Mix<\/strong>&#8221; einfach in 1 Liter Wasser einr\u00fchren und zum Kochen bringen.<\/p>\n<p>Der gro\u00dfe Vorteil ist, dass man nicht stundenlang in der K\u00fcche stehen muss! Eine gesellige Mahlzeit, die man mit der Familie oder mit Freunden teilt.<\/p>\n<\/div>\n<\/div>\n<p><a href=\"https:\/\/www.lucul.shop\/produit-etiquette\/sans-lactose\/\" data-wp-editing=\"1\"><img loading=\"lazy\" decoding=\"async\" class=\"alignnone size-full wp-image-5727\" src=\"https:\/\/www.lucul.shop\/wp-content\/uploads\/2019\/05\/icon-food_sans-lactose.png\" alt=\"\" width=\"23\" height=\"23\" \/>\u00a0 Laktosefrei<\/a><a href=\"https:\/\/www.lucul.shop\/produit-etiquette\/sans-gluten\/\"><br \/>\n<\/a><a href=\"https:\/\/www.lucul.shop\/de\/produit-etiquette\/gluten-frei\/\"><img loading=\"lazy\" decoding=\"async\" class=\"alignnone size-full wp-image-4514\" src=\"https:\/\/www.lucul.shop\/wp-content\/uploads\/2018\/08\/icon-food_Plan-de-travail-1-copie-3.png\" alt=\"\" width=\"23\" height=\"23\" \/> \u00a0\u00a0Gluten-frei<\/a><\/p>\n","protected":false},"featured_media":8515,"template":"","meta":{"_acf_changed":false},"product_brand":[],"product_cat":[367,371],"product_tag":[426,431,432,423,435,441,442,549],"class_list":{"0":"post-7538","1":"product","2":"type-product","3":"status-publish","4":"has-post-thumbnail","6":"product_cat-bruehe","7":"product_cat-fondue-de","8":"product_tag-bruehen","9":"product_tag-chinesisches-fondue","10":"product_tag-chinoise-mix-de","11":"product_tag-gluten-frei","12":"product_tag-laktosefrei","13":"product_tag-ohne-sellerie","14":"product_tag-palm-fettfrei","15":"product_tag-sans-glutamate-de-2","17":"first","18":"instock","19":"taxable","20":"shipping-taxable","21":"purchasable","22":"product-type-simple"},"acf":[],"_links":{"self":[{"href":"https:\/\/www.lucul.shop\/de\/wp-json\/wp\/v2\/product\/7538","targetHints":{"allow":["GET"]}}],"collection":[{"href":"https:\/\/www.lucul.shop\/de\/wp-json\/wp\/v2\/product"}],"about":[{"href":"https:\/\/www.lucul.shop\/de\/wp-json\/wp\/v2\/types\/product"}],"wp:featuredmedia":[{"embeddable":true,"href":"https:\/\/www.lucul.shop\/de\/wp-json\/wp\/v2\/media\/8515"}],"wp:attachment":[{"href":"https:\/\/www.lucul.shop\/de\/wp-json\/wp\/v2\/media?parent=7538"}],"wp:term":[{"taxonomy":"product_brand","embeddable":true,"href":"https:\/\/www.lucul.shop\/de\/wp-json\/wp\/v2\/product_brand?post=7538"},{"taxonomy":"product_cat","embeddable":true,"href":"https:\/\/www.lucul.shop\/de\/wp-json\/wp\/v2\/product_cat?post=7538"},{"taxonomy":"product_tag","embeddable":true,"href":"https:\/\/www.lucul.shop\/de\/wp-json\/wp\/v2\/product_tag?post=7538"}],"curies":[{"name":"wp","href":"https:\/\/api.w.org\/{rel}","templated":true}]}}