{"id":6389,"date":"2020-09-16T17:07:03","date_gmt":"2020-09-16T15:07:03","guid":{"rendered":"https:\/\/www.lucul.shop\/produit\/consomme-de-volaille-granule-130-g\/"},"modified":"2023-04-11T15:26:00","modified_gmt":"2023-04-11T13:26:00","slug":"huehnerbouillon-favorit-granuliert-130-g","status":"publish","type":"product","link":"https:\/\/www.lucul.shop\/de\/produkt\/huehnerbouillon-favorit-granuliert-130-g\/","title":{"rendered":"H\u00dcHNER CONSOMME GRANULIERT &#8211; 130 g"},"content":{"rendered":"<div class=\"column one-second mobile-one\"><div class=\"mcb-column-inner\"><\/p>\n<h3>Zutaten<\/h3>\n<p>Salz ohne Jod, Getrocknetes H\u00fchnerfleisch, Maisst\u00e4rke, Pflanzliches Eiweiss, Raps\u00f6l, Hefeextrakt, Erbse-Faser, Zwiebelpulver, Feine Petersilie, Karotten, Zwiebel granuliert, Kurkuma, Knoblauchpulver, Chilipulver, Cayennepfeffer, Muskatnuss.<\/div><\/div>\n\n<div class=\"column one-second mobile-one\"><div class=\"mcb-column-inner\"><\/p>\n<h3>Zubereitung<\/h3>\n<p>22g (2 Essl\u00f6ffel) in 1 Liter leicht kochendem, Wasser aufgel\u00f6st, ergibt eine Feinschmeckende H\u00fchnerbr\u00fche.<\/div><\/div>\n\n<hr class=\"\" style=\"margin:0 auto 30px;\"\/>\n\n<div class=\"column one-second mobile-one\"><div class=\"mcb-column-inner\"><\/p>\n<h3>Allergen info<\/h3>\n<p>Allergenfrei.<\/div><\/div>\n\n<div class=\"column one-second mobile-one\"><div class=\"mcb-column-inner\"><\/p>\n<h3>Haltbartkeit<\/h3>\n<p>18 Monaten. Vor W\u00e4rme und Feuchtigkeit sch\u00fctzen.<\/div><\/div>\n\n<hr class=\"\" style=\"margin:0 auto 30px;\"\/>\n\n<div class=\"column one-second mobile-one\"><div class=\"mcb-column-inner\"><\/p>\n<h3>Wie man dieses Produkt benutzt<\/h3>\n<p>Entdecken Sie die Rezepte, die dieses Produkt verwenden.<\/p>\n<p>&nbsp;<\/p>\n<p><\/div><\/div>\n\n<div class=\"column one-second mobile-one\"><div class=\"mcb-column-inner\"><\/p>\n<h3>Ern\u00e4hrungswerte<\/h3>\n<p>100 g \/ ml enth\u00e4lt:<\/p>\n<table class=\"nutdetail\">\n<tbody>\n<tr>\n<td class=\"naehr1\" style=\"text-align: left;\"><\/td>\n<td class=\"naehr2\" style=\"text-align: left;\"><\/td>\n<td class=\"naehr3\" style=\"text-align: left;\">Quantit\u00e9<\/td>\n<\/tr>\n<tr class=\"\">\n<td class=\"naehr1\" style=\"text-align: left;\">\u00c9nergie en KJ<\/td>\n<td class=\"naehr2\"><\/td>\n<td class=\"black naehr3\" style=\"text-align: left;\">1073 KJ<\/td>\n<\/tr>\n<tr class=\"backgreen\">\n<td class=\"naehr1\" style=\"text-align: left;\">\u00c9nergie en Kcal<\/td>\n<td class=\"naehr2\"><\/td>\n<td class=\"black naehr3\" style=\"text-align: left;\">257 Kcal<\/td>\n<\/tr>\n<tr class=\"\">\n<td class=\"naehr1\" style=\"text-align: left;\">Gras total<\/td>\n<td class=\"naehr2\"><\/td>\n<td class=\"black naehr3\" style=\"text-align: left;\">13.5 g<\/td>\n<\/tr>\n<tr class=\"backgreen\">\n<td style=\"text-align: left;\" colspan=\"5\">dont:<\/td>\n<\/tr>\n<tr class=\"\">\n<td class=\"naehr1\">&#8212;<\/td>\n<td class=\"naehr2\" style=\"text-align: left;\">Acide gras satur\u00e9<\/td>\n<td class=\"black naehr3\" style=\"text-align: left;\">2.0 g<\/td>\n<\/tr>\n<tr class=\"backgreen\">\n<td class=\"naehr1\" style=\"text-align: left;\">Hydrates de carbone total<\/td>\n<td class=\"naehr2\"><\/td>\n<td class=\"black naehr3\" style=\"text-align: left;\">16.7 g<\/td>\n<\/tr>\n<tr class=\"\">\n<td style=\"text-align: left;\" colspan=\"5\">dont:<\/td>\n<\/tr>\n<tr class=\"backgreen\">\n<td class=\"naehr1\">&#8212;<\/td>\n<td class=\"naehr2\" style=\"text-align: left;\">Sucres<\/td>\n<td class=\"black naehr3\" style=\"text-align: left;\">1.3 g<\/td>\n<\/tr>\n<tr class=\"\">\n<td class=\"naehr1\" style=\"text-align: left;\">Prot\u00e9ine<\/td>\n<td class=\"naehr2\"><\/td>\n<td class=\"black naehr3\" style=\"text-align: left;\">15.8 g<\/td>\n<\/tr>\n<tr class=\"backgreen\">\n<td class=\"naehr1\" style=\"text-align: left;\">Sel<\/td>\n<td class=\"naehr2\" style=\"text-align: left;\"><\/td>\n<td class=\"black naehr3\" style=\"text-align: left;\">47.8 g<\/td>\n<\/tr>\n<\/tbody>\n<\/table>\n<p><\/div><\/div>\n\n<hr class=\"\" style=\"margin:0 auto 30px;\"\/>\n\n","protected":false},"excerpt":{"rendered":"<p>Unsere fettarme und allergenfreie H\u00fchnerbouillon ist leicht l\u00f6slich und ideal f\u00fcr Gerichte wie Risotto, Reis oder Teigwaren. Sie m\u00f6chten sie nicht mehr vermissen!<\/p>\n<p><a href=\"https:\/\/www.lucul.shop\/produit-etiquette\/sans-lactose\/\" data-wp-editing=\"1\"><img loading=\"lazy\" decoding=\"async\" class=\"alignnone size-full wp-image-5727\" src=\"https:\/\/www.lucul.shop\/wp-content\/uploads\/2019\/05\/icon-food_sans-lactose.png\" alt=\"\" width=\"23\" height=\"23\" \/>\u00a0 Laktosefrei<\/a><a href=\"https:\/\/www.lucul.shop\/produit-etiquette\/sans-gluten\/\"><br \/>\n<\/a><a href=\"https:\/\/www.lucul.shop\/de\/produit-etiquette\/gluten-frei\/\"><img loading=\"lazy\" decoding=\"async\" class=\"alignnone size-full wp-image-4514\" src=\"https:\/\/www.lucul.shop\/wp-content\/uploads\/2018\/08\/icon-food_Plan-de-travail-1-copie-3.png\" alt=\"\" width=\"23\" height=\"23\" \/> \u00a0\u00a0Gluten-frei<\/a><br \/>\n<a href=\"https:\/\/www.lucul.shop\/de\/produit-etiquette\/allergenfrei\/\"><img loading=\"lazy\" decoding=\"async\" class=\"alignnone size-full wp-image-5728\" src=\"https:\/\/www.lucul.shop\/wp-content\/uploads\/2019\/05\/icon-food_sans-allergene.png\" alt=\"\" width=\"23\" height=\"23\" \/>\u00a0 Allergenfrei<\/a><\/p>\n","protected":false},"featured_media":5973,"template":"","meta":{"_acf_changed":false},"product_brand":[],"product_cat":[367,444],"product_tag":[443,426,429,423,435,441,549],"class_list":{"0":"post-6389","1":"product","2":"type-product","3":"status-publish","4":"has-post-thumbnail","6":"product_cat-bruehe","7":"product_cat-granule-de","8":"product_tag-allergenfrei","9":"product_tag-bruehen","10":"product_tag-gefluegel","11":"product_tag-gluten-frei","12":"product_tag-laktosefrei","13":"product_tag-ohne-sellerie","14":"product_tag-sans-glutamate-de-2","16":"first","17":"instock","18":"taxable","19":"shipping-taxable","20":"purchasable","21":"product-type-simple"},"acf":[],"_links":{"self":[{"href":"https:\/\/www.lucul.shop\/de\/wp-json\/wp\/v2\/product\/6389","targetHints":{"allow":["GET"]}}],"collection":[{"href":"https:\/\/www.lucul.shop\/de\/wp-json\/wp\/v2\/product"}],"about":[{"href":"https:\/\/www.lucul.shop\/de\/wp-json\/wp\/v2\/types\/product"}],"wp:featuredmedia":[{"embeddable":true,"href":"https:\/\/www.lucul.shop\/de\/wp-json\/wp\/v2\/media\/5973"}],"wp:attachment":[{"href":"https:\/\/www.lucul.shop\/de\/wp-json\/wp\/v2\/media?parent=6389"}],"wp:term":[{"taxonomy":"product_brand","embeddable":true,"href":"https:\/\/www.lucul.shop\/de\/wp-json\/wp\/v2\/product_brand?post=6389"},{"taxonomy":"product_cat","embeddable":true,"href":"https:\/\/www.lucul.shop\/de\/wp-json\/wp\/v2\/product_cat?post=6389"},{"taxonomy":"product_tag","embeddable":true,"href":"https:\/\/www.lucul.shop\/de\/wp-json\/wp\/v2\/product_tag?post=6389"}],"curies":[{"name":"wp","href":"https:\/\/api.w.org\/{rel}","templated":true}]}}