{"id":6361,"date":"2019-05-03T20:00:12","date_gmt":"2019-05-03T18:00:12","guid":{"rendered":"https:\/\/www.lucul.shop\/produit\/sauce-morilles-fines-100-naturel-34-g\/"},"modified":"2022-01-04T15:55:12","modified_gmt":"2022-01-04T14:55:12","slug":"feinen-morcheln-sauce-34-g","status":"publish","type":"product","link":"https:\/\/www.lucul.shop\/de\/produkt\/feinen-morcheln-sauce-34-g\/","title":{"rendered":"FEINEN MORCHELN-SAUCE &#8211; 34 g"},"content":{"rendered":"<div class=\"column one-second mobile-one\"><div class=\"mcb-column-inner\"><\/p>\n<h3>Zutaten<\/h3>\n<p>Maisst\u00e4rke, Laktosefreies Magermilchpulver (<strong>Milch<\/strong>), Morcheln, Maltodextrin (Kartoffel), Zwiebeln, Hefeextrakt, feines Kochsalz ohne Jod, Paprika, brauner Zucker, Weissweinpulver, Knoblauch, nat\u00fcrliches Kalbsgeschmack, Rindfleischpulver, Apfelessig, Tomaten, Sonnenblumen\u00f6l, Muskat, Thymian.<\/div><\/div>\n\n<div class=\"column one-second mobile-one\"><div class=\"mcb-column-inner\"><\/p>\n<h3>Zubereitung<\/h3>\n<p>3 Essl\u00f6ffeln (34 g) in 2 dl Milch und 1 dl Wasser aufr\u00fchren, 30 min ruhen lassen. Zum Kochen bringen und auf kleinem Feuer 10 Min. aufkochen und gut durchr\u00fchren.<\/div><\/div>\n\n<hr class=\"\" style=\"margin:0 auto 30px;\"\/>\n\n<div class=\"column one-second mobile-one\"><div class=\"mcb-column-inner\"><\/p>\n<h3>Allergen info<\/h3>\n<p>Enth\u00e4lt\u00a0<strong>Milch<\/strong>.<\/div><\/div>\n\n<div class=\"column one-second mobile-one\"><div class=\"mcb-column-inner\"><\/p>\n<h3>Haltbartkeit<\/h3>\n<p>18 Monaten. Vor W\u00e4rme und Feuchtigkeit sch\u00fctzen.<\/div><\/div>\n\n<hr class=\"\" style=\"margin:0 auto 30px;\"\/>\n\n<div class=\"column one-second mobile-one\"><div class=\"mcb-column-inner\"><\/p>\n<h3>Wie man dieses Produkt benutzt<\/h3>\n<p>Entdecken Sie die Rezepte, die dieses Produkt verwenden.<\/p>\n<p>&nbsp;<\/p>\n<p><\/div><\/div>\n\n<div class=\"column one-second mobile-one\"><div class=\"mcb-column-inner\"><\/p>\n<h3>Ern\u00e4hrungswerte<\/h3>\n<p>100 g \/ ml enth\u00e4lt:<\/p>\n<table class=\"nutdetail\">\n<tbody>\n<tr>\n<td class=\"naehr1\" style=\"text-align: left;\"><\/td>\n<td class=\"naehr2\" style=\"text-align: left;\"><\/td>\n<td class=\"naehr3\" style=\"text-align: left;\">Quantit\u00e9<\/td>\n<\/tr>\n<tr class=\"\">\n<td class=\"naehr1\" style=\"text-align: left;\">\u00c9nergie en KJ<\/td>\n<td class=\"naehr2\"><\/td>\n<td class=\"black naehr3\" style=\"text-align: left;\">1446 KJ<\/td>\n<\/tr>\n<tr class=\"backgreen\">\n<td class=\"naehr1\" style=\"text-align: left;\">\u00c9nergie en Kcal<\/td>\n<td class=\"naehr2\"><\/td>\n<td class=\"black naehr3\" style=\"text-align: left;\">346 Kcal<\/td>\n<\/tr>\n<tr class=\"\">\n<td class=\"naehr1\" style=\"text-align: left;\">Gras total<\/td>\n<td class=\"naehr2\"><\/td>\n<td class=\"black naehr3\" style=\"text-align: left;\">1.9 g<\/td>\n<\/tr>\n<tr class=\"backgreen\">\n<td style=\"text-align: left;\" colspan=\"5\">dont:<\/td>\n<\/tr>\n<tr class=\"\">\n<td class=\"naehr1\">&#8212;<\/td>\n<td class=\"naehr2\" style=\"text-align: left;\">Acide gras satur\u00e9<\/td>\n<td class=\"black naehr3\" style=\"text-align: left;\">0.3 g<\/td>\n<\/tr>\n<tr class=\"backgreen\">\n<td class=\"naehr1\" style=\"text-align: left;\">Hydrates de carbone total<\/td>\n<td class=\"naehr2\"><\/td>\n<td class=\"black naehr3\" style=\"text-align: left;\">67.4 g<\/td>\n<\/tr>\n<tr class=\"\">\n<td style=\"text-align: left;\" colspan=\"5\">dont:<\/td>\n<\/tr>\n<tr class=\"backgreen\">\n<td class=\"naehr1\">&#8212;<\/td>\n<td class=\"naehr2\" style=\"text-align: left;\">Sucres<\/td>\n<td class=\"black naehr3\" style=\"text-align: left;\">14.0 g<\/td>\n<\/tr>\n<tr class=\"\">\n<td class=\"naehr1\" style=\"text-align: left;\">Fibre alimentaire<\/td>\n<td class=\"naehr2\"><\/td>\n<td class=\"black naehr3\" style=\"text-align: left;\">5.0 g<\/td>\n<\/tr>\n<tr class=\"\">\n<td class=\"naehr1\" style=\"text-align: left;\">Prot\u00e9ine<\/td>\n<td class=\"naehr2\"><\/td>\n<td class=\"black naehr3\" style=\"text-align: left;\">12.0 g<\/td>\n<\/tr>\n<tr class=\"backgreen\">\n<td class=\"naehr1\" style=\"text-align: left;\">Sel<\/td>\n<td class=\"naehr2\" style=\"text-align: left;\"><\/td>\n<td class=\"black naehr3\" style=\"text-align: left;\">3.9 g<\/td>\n<\/tr>\n<\/tbody>\n<\/table>\n<p><\/div><\/div>\n\n<hr class=\"\" style=\"margin:0 auto 30px;\"\/>\n\n","protected":false},"excerpt":{"rendered":"<div id=\"short_description_block\">\n<div id=\"short_description_content\" class=\"rte align_justify\">\n<div id=\"short_description_block\">\n<div id=\"short_description_content\" class=\"rte align_justify\">\n<div id=\"short_description_block\">\n<div id=\"short_description_content\" class=\"rte align_justify\">\n<div id=\"short_description_block\">\n<div id=\"short_description_content\" class=\"rte align_justify\">\n<div id=\"short_description_block\">\n<div id=\"short_description_content\" class=\"rte align_justify\">\n<p>F\u00fcr 3 Dl Sauce<\/p>\n<p>Ihre Lieben werden von dieser Sauce mit ganzen Morcheln begeistert sein. Ein Klassiker f\u00fcr alle, die eine gute K\u00fcche lieben!<\/p>\n<p><a href=\"https:\/\/www.lucul.shop\/produit-etiquette\/sans-lactose\/\" data-wp-editing=\"1\"><img loading=\"lazy\" decoding=\"async\" class=\"alignnone size-full wp-image-5727\" src=\"https:\/\/www.lucul.shop\/wp-content\/uploads\/2019\/05\/icon-food_sans-lactose.png\" alt=\"\" width=\"23\" height=\"23\" \/>\u00a0 Laktosefrei<\/a><a href=\"https:\/\/www.lucul.shop\/produit-etiquette\/sans-gluten\/\"><br \/>\n<\/a><a href=\"https:\/\/www.lucul.shop\/de\/produit-etiquette\/gluten-frei\/\"><img loading=\"lazy\" decoding=\"async\" class=\"alignnone size-full wp-image-4514\" src=\"https:\/\/www.lucul.shop\/wp-content\/uploads\/2018\/08\/icon-food_Plan-de-travail-1-copie-3.png\" alt=\"\" width=\"23\" height=\"23\" \/> \u00a0\u00a0Gluten-frei<\/a><\/p>\n<h4><\/h4>\n<\/div>\n<\/div>\n<form id=\"buy_block\" action=\"https:\/\/www.lucul-swiss.ch\/fr\/cart\" method=\"post\">\n<div class=\"box-info-product\">\n<div class=\"content_prices clearfix\">\n<div class=\"price_box clearfix\"><\/div>\n<\/div>\n<\/div>\n<\/form>\n<\/div>\n<\/div>\n<\/div>\n<\/div>\n<\/div>\n<\/div>\n<\/div>\n<\/div>\n","protected":false},"featured_media":5814,"template":"","meta":{"_acf_changed":false},"product_brand":[],"product_cat":[369],"product_tag":[449,423,435,441,442],"class_list":{"0":"post-6361","1":"product","2":"type-product","3":"status-publish","4":"has-post-thumbnail","6":"product_cat-saucen","7":"product_tag-champignons-de","8":"product_tag-gluten-frei","9":"product_tag-laktosefrei","10":"product_tag-ohne-sellerie","11":"product_tag-palm-fettfrei","13":"first","14":"instock","15":"taxable","16":"shipping-taxable","17":"purchasable","18":"product-type-simple"},"acf":[],"_links":{"self":[{"href":"https:\/\/www.lucul.shop\/de\/wp-json\/wp\/v2\/product\/6361","targetHints":{"allow":["GET"]}}],"collection":[{"href":"https:\/\/www.lucul.shop\/de\/wp-json\/wp\/v2\/product"}],"about":[{"href":"https:\/\/www.lucul.shop\/de\/wp-json\/wp\/v2\/types\/product"}],"wp:featuredmedia":[{"embeddable":true,"href":"https:\/\/www.lucul.shop\/de\/wp-json\/wp\/v2\/media\/5814"}],"wp:attachment":[{"href":"https:\/\/www.lucul.shop\/de\/wp-json\/wp\/v2\/media?parent=6361"}],"wp:term":[{"taxonomy":"product_brand","embeddable":true,"href":"https:\/\/www.lucul.shop\/de\/wp-json\/wp\/v2\/product_brand?post=6361"},{"taxonomy":"product_cat","embeddable":true,"href":"https:\/\/www.lucul.shop\/de\/wp-json\/wp\/v2\/product_cat?post=6361"},{"taxonomy":"product_tag","embeddable":true,"href":"https:\/\/www.lucul.shop\/de\/wp-json\/wp\/v2\/product_tag?post=6361"}],"curies":[{"name":"wp","href":"https:\/\/api.w.org\/{rel}","templated":true}]}}