{"id":12901,"date":"2026-04-14T11:39:37","date_gmt":"2026-04-14T09:39:37","guid":{"rendered":"https:\/\/www.lucul.shop\/?post_type=product&#038;p=12901"},"modified":"2026-04-14T11:43:35","modified_gmt":"2026-04-14T09:43:35","slug":"panier-gourmand","status":"publish","type":"product","link":"https:\/\/www.lucul.shop\/de\/produkt\/panier-gourmand\/","title":{"rendered":"Panier Gourmand"},"content":{"rendered":"<div dir=\"auto\">\n<div dir=\"auto\">Pour la f\u00eate des m\u00e8re, offrez un moment de partage et de douceur.<\/div>\n<div dir=\"auto\">D\u00e9couvrez notre panier gourmand compos\u00e9 de produits artisanaux et r\u00e9gionaux, le tout fait avec passion. MERCI maman d&#8217;\u00eatre l\u00e0 ! <span class=\"html-span xexx8yu xyri2b x18d9i69 x1c1uobl x1hl2dhg x16tdsg8 x1vvkbs x3nfvp2 x1j61x8r x1fcty0u xdj266r xat24cr xm2jcoa x1mpyi22 xxymvpz xlup9mm x1kky2od\"><img loading=\"lazy\" decoding=\"async\" class=\"xz74otr x15mokao x1ga7v0g x16uus16 xbiv7yw\" src=\"https:\/\/static.xx.fbcdn.net\/images\/emoji.php\/v9\/tea\/1\/16\/1f970.png\" alt=\"\ud83e\udd70\" width=\"16\" height=\"16\" \/><\/span><\/div>\n<\/div>\n<div dir=\"auto\"><\/div>\n<div dir=\"auto\">Le Coffret<\/div>\n<ul>\n<li dir=\"auto\">Infusion La chaleureuse@lesinfusionsliboba &#8211; Bo\u00eete x20 sachets<\/li>\n<li dir=\"auto\">Infusion La Berceuse, @lesinfusionsliboba &#8211; Bo\u00eete x20 sachets.<\/li>\n<li dir=\"auto\">Vinaigre cr\u00e9meux, Romand&#8217;iz &#8211; 25cl (Framboise, Abricot) \u00e0 choix<\/li>\n<li dir=\"auto\">Bouillon de safran Fribourgois, Lucul Swiss &#8211; 150g<\/li>\n<li dir=\"auto\">Risotto, Acquerello &#8211; 250g<\/li>\n<\/ul>\n","protected":false},"excerpt":{"rendered":"<p>Pour la f\u00eate des m\u00e8re, offrez un moment de partage et de douceur. D\u00e9couvrez notre panier gourmand compos\u00e9 de produits artisanaux et r\u00e9gionaux, le tout fait<span class=\"excerpt-hellip\"> [\u2026]<\/span><\/p>\n","protected":false},"featured_media":12902,"template":"","meta":{"_acf_changed":false},"product_brand":[],"product_cat":[15],"product_tag":[],"class_list":{"0":"post-12901","1":"product","2":"type-product","3":"status-publish","4":"has-post-thumbnail","6":"product_cat-divers","8":"first","9":"instock","10":"sale","11":"taxable","12":"shipping-taxable","13":"purchasable","14":"product-type-woosb"},"acf":[],"_links":{"self":[{"href":"https:\/\/www.lucul.shop\/de\/wp-json\/wp\/v2\/product\/12901","targetHints":{"allow":["GET"]}}],"collection":[{"href":"https:\/\/www.lucul.shop\/de\/wp-json\/wp\/v2\/product"}],"about":[{"href":"https:\/\/www.lucul.shop\/de\/wp-json\/wp\/v2\/types\/product"}],"wp:featuredmedia":[{"embeddable":true,"href":"https:\/\/www.lucul.shop\/de\/wp-json\/wp\/v2\/media\/12902"}],"wp:attachment":[{"href":"https:\/\/www.lucul.shop\/de\/wp-json\/wp\/v2\/media?parent=12901"}],"wp:term":[{"taxonomy":"product_brand","embeddable":true,"href":"https:\/\/www.lucul.shop\/de\/wp-json\/wp\/v2\/product_brand?post=12901"},{"taxonomy":"product_cat","embeddable":true,"href":"https:\/\/www.lucul.shop\/de\/wp-json\/wp\/v2\/product_cat?post=12901"},{"taxonomy":"product_tag","embeddable":true,"href":"https:\/\/www.lucul.shop\/de\/wp-json\/wp\/v2\/product_tag?post=12901"}],"curies":[{"name":"wp","href":"https:\/\/api.w.org\/{rel}","templated":true}]}}