{"id":11772,"date":"2025-01-21T10:08:19","date_gmt":"2025-01-21T09:08:20","guid":{"rendered":"https:\/\/www.lucul.shop\/?post_type=product&#038;p=11772"},"modified":"2025-12-19T00:00:59","modified_gmt":"2025-12-18T23:00:59","slug":"duo-bouillons-inspiration-gemuese-mit-alpenkraeutern-wald-rindfleisch-mit-steinpilzeninspiration-paste-2-x-150-g","status":"publish","type":"product","link":"https:\/\/www.lucul.shop\/de\/produkt\/duo-bouillons-inspiration-gemuese-mit-alpenkraeutern-wald-rindfleisch-mit-steinpilzeninspiration-paste-2-x-150-g\/","title":{"rendered":"Duo bouillons &#8220;Inspiration&#8221; &#8211; Gem\u00fcse mit Alpenkr\u00e4utern &#8211; Wald-Rindfleisch mit Steinpilzen&#8221;Inspiration&#8221;- Paste &#8211; 2 x 150 g"},"content":{"rendered":"<div class=\"column one-second mobile-one\"><div class=\"mcb-column-inner\"><\/p>\n<h3>Zutaten<\/h3>\n<p class=\"product_title entry-title\"><a href=\"https:\/\/www.lucul.shop\/de\/produkt\/wald-rindfleischbouillon-mit-steinpilzen-inspiration-paste-150-g\/\">Wald-Rindfleischbouillon mit Steinpilzen<\/a><br \/>\n<a href=\"https:\/\/www.lucul.shop\/de\/produkt\/gemuesebouillon-mit-alpenkraeutern-inspiration-paste-150-g\/\">Gem\u00fcsebouillon mit Alpenkr\u00e4utern<\/a><\/p>\n<p>.<\/div><\/div>\n\n<div class=\"column one-second mobile-one\"><div class=\"mcb-column-inner\"><\/p>\n<h3>Zubereitung<\/h3>\n<p><a href=\"https:\/\/www.lucul.shop\/de\/produkt\/wald-rindfleischbouillon-mit-steinpilzen-inspiration-paste-150-g\/\">Wald-Rindfleischbouillon mit Steinpilzen<\/a><br \/>\n<a href=\"https:\/\/www.lucul.shop\/de\/produkt\/gemuesebouillon-mit-alpenkraeutern-inspiration-paste-150-g\/\">Gem\u00fcsebouillon mit Alpenkr\u00e4utern<\/a>.<\/div><\/div>\n\n<hr class=\"\" style=\"margin:0 auto 30px;\"\/>\n\n<div class=\"column one-second mobile-one\"><div class=\"mcb-column-inner\"><\/p>\n<h3>Allergen info<\/h3>\n<p><a href=\"https:\/\/www.lucul.shop\/de\/produkt\/wald-rindfleischbouillon-mit-steinpilzen-inspiration-paste-150-g\/\">Wald-Rindfleischbouillon mit Steinpilzen<\/a><br \/>\n<a href=\"https:\/\/www.lucul.shop\/de\/produkt\/gemuesebouillon-mit-alpenkraeutern-inspiration-paste-150-g\/\">Gem\u00fcsebouillon mit Alpenkr\u00e4utern<\/a>.<\/div><\/div>\n\n<div class=\"column one-second mobile-one\"><div class=\"mcb-column-inner\"><\/p>\n<h3>Haltbartkeit<\/h3>\n<p><span lang=\"de\" xml:lang=\"de\">12 Monaten.<\/span>Vor W\u00e4rme und Feuchtigkeit sch\u00fctzen.<\/div><\/div>\n\n<hr class=\"\" style=\"margin:0 auto 30px;\"\/>\n\n<div class=\"column one-second mobile-one\"><div class=\"mcb-column-inner\"><\/p>\n<h3>Wie man dieses Produkt benutzt<\/h3>\n<p>Entdecken Sie die Rezepte, die dieses Produkt verwenden.<\/p>\n<p><\/div><\/div>\n\n<div class=\"column one-second mobile-one\"><div class=\"mcb-column-inner\"><\/p>\n<h3>Ern\u00e4hrungswerte<\/h3>\n<p>200 ml trinkfertiges Produkt enth\u00e4lt:<\/p>\n<p><a href=\"https:\/\/www.lucul.shop\/de\/produkt\/wald-rindfleischbouillon-mit-steinpilzen-inspiration-paste-150-g\/\">Wald-Rindfleischbouillon mit Steinpilzen<\/a><br \/>\n<a href=\"https:\/\/www.lucul.shop\/de\/produkt\/gemuesebouillon-mit-alpenkraeutern-inspiration-paste-150-g\/\">Gem\u00fcsebouillon mit Alpenkr\u00e4utern<\/a><\/p>\n<p><\/div><\/div>\n\n<hr class=\"\" style=\"margin:0 auto 30px;\"\/>\n\n","protected":false},"excerpt":{"rendered":"<p>Eine Gem\u00fcsebr\u00fche mit Alpenkr\u00e4utern, 100 % pflanzlich mit ihren aromatischen Noten von Thymian, Basilikum und Bohnenkraut wird Ihren Gerichten Sonne verleihen, und eine Rinderbr\u00fche mit Steinpilzen, ideal f\u00fcr Risottos, Eint\u00f6pfe und Suppen.<\/p>\n<p><a href=\"https:\/\/www.lucul.shop\/produit-etiquette\/sans-lactose\/\" data-wp-editing=\"1\"><img loading=\"lazy\" decoding=\"async\" class=\"alignnone size-full wp-image-5727\" src=\"https:\/\/www.lucul.shop\/wp-content\/uploads\/2019\/05\/icon-food_sans-lactose.png\" alt=\"\" width=\"23\" height=\"23\" \/>\u00a0 Laktosefrei<\/a><a href=\"https:\/\/www.lucul.shop\/produit-etiquette\/sans-gluten\/\"><br \/>\n<\/a><a href=\"https:\/\/www.lucul.shop\/de\/produit-etiquette\/gluten-frei\/\"><img loading=\"lazy\" decoding=\"async\" class=\"alignnone size-full wp-image-4514\" src=\"https:\/\/www.lucul.shop\/wp-content\/uploads\/2018\/08\/icon-food_Plan-de-travail-1-copie-3.png\" alt=\"\" width=\"23\" height=\"23\" \/> \u00a0\u00a0Gluten-frei<\/a><br \/>\n<a href=\"https:\/\/www.lucul.shop\/de\/produit-etiquette\/100-pflanzlich\/\"><img loading=\"lazy\" decoding=\"async\" class=\"alignnone size-full wp-image-5730\" src=\"https:\/\/www.lucul.shop\/wp-content\/uploads\/2019\/05\/icon-food_vegan.png\" alt=\"\" width=\"23\" height=\"23\" \/>\u00a0 100% pflanzlich<\/a><\/p>\n<p>&nbsp;<\/p>\n","protected":false},"featured_media":11774,"template":"","meta":{"_acf_changed":false},"product_brand":[],"product_cat":[367,446],"product_tag":[424,443,426,430,423,435,441,442,549],"class_list":{"0":"post-11772","1":"product","2":"type-product","3":"status-publish","4":"has-post-thumbnail","6":"product_cat-bruehe","7":"product_cat-pate-de","8":"product_tag-100-pflanzlich","9":"product_tag-allergenfrei","10":"product_tag-bruehen","11":"product_tag-gemuese","12":"product_tag-gluten-frei","13":"product_tag-laktosefrei","14":"product_tag-ohne-sellerie","15":"product_tag-palm-fettfrei","16":"product_tag-sans-glutamate-de-2","18":"first","19":"instock","20":"featured","21":"taxable","22":"shipping-taxable","23":"purchasable","24":"product-type-woosb"},"acf":[],"_links":{"self":[{"href":"https:\/\/www.lucul.shop\/de\/wp-json\/wp\/v2\/product\/11772","targetHints":{"allow":["GET"]}}],"collection":[{"href":"https:\/\/www.lucul.shop\/de\/wp-json\/wp\/v2\/product"}],"about":[{"href":"https:\/\/www.lucul.shop\/de\/wp-json\/wp\/v2\/types\/product"}],"wp:featuredmedia":[{"embeddable":true,"href":"https:\/\/www.lucul.shop\/de\/wp-json\/wp\/v2\/media\/11774"}],"wp:attachment":[{"href":"https:\/\/www.lucul.shop\/de\/wp-json\/wp\/v2\/media?parent=11772"}],"wp:term":[{"taxonomy":"product_brand","embeddable":true,"href":"https:\/\/www.lucul.shop\/de\/wp-json\/wp\/v2\/product_brand?post=11772"},{"taxonomy":"product_cat","embeddable":true,"href":"https:\/\/www.lucul.shop\/de\/wp-json\/wp\/v2\/product_cat?post=11772"},{"taxonomy":"product_tag","embeddable":true,"href":"https:\/\/www.lucul.shop\/de\/wp-json\/wp\/v2\/product_tag?post=11772"}],"curies":[{"name":"wp","href":"https:\/\/api.w.org\/{rel}","templated":true}]}}