{"id":11751,"date":"2025-01-15T13:48:07","date_gmt":"2025-01-15T12:48:08","guid":{"rendered":"https:\/\/www.lucul.shop\/?post_type=product&#038;p=11751"},"modified":"2026-02-15T00:00:29","modified_gmt":"2026-02-14T23:00:29","slug":"alpen-hutte-suppe-86-g-copie-2","status":"publish","type":"product","link":"https:\/\/www.lucul.shop\/de\/produkt\/alpen-hutte-suppe-86-g-copie-2\/","title":{"rendered":"Trio &#8211; ALPEN H\u00dcTTE SUPPE &#8211; 3 x86 g"},"content":{"rendered":"<div class=\"column one-second mobile-one\"><div class=\"mcb-column-inner\"><\/p>\n<h3>Zutaten<\/h3>\n<p>Glutenfreie Nudeln, Kartoffeln, Zwiebeln, Kochsalz ohne Jod, Karotten, Ger\u00e4ucherter Speck, Maisst\u00e4rke, Lauch, Spinat, pflanzliches Eiweiss, Schnittlauch, Raps\u00f6l, Hefeextrakt, Knoblauch, Petersilie, schwarzer Pfeffer.<\/div><\/div>\n\n<div class=\"column one-second mobile-one\"><div class=\"mcb-column-inner\"><\/p>\n<h3>Zubereitung<\/h3>\n<p>86 g in 0,5 Liter Wasser aufr\u00fchren und auf kleinem Feuer 15 Min. kochen lassen. Hinzuf\u00fcgen 0,5 Liter Milch und fertig garen 10 Min. F\u00fcgen Sie 1 L\u00f6ffel Creme und gerieben Schweizer K\u00e4se am Ende des Kochens an.<\/div><\/div>\n\n<hr class=\"\" style=\"margin:0 auto 30px;\"\/>\n\n<div class=\"column one-second mobile-one\"><div class=\"mcb-column-inner\"><\/p>\n<h3>Allergen info<\/h3>\n<p>Allergenfrei.<\/div><\/div>\n\n<div class=\"column one-second mobile-one\"><div class=\"mcb-column-inner\"><\/p>\n<h3>Haltbartkeit<\/h3>\n<p>18 Monaten. Vor W\u00e4rme und Feuchtigkeit sch\u00fctzen.<\/div><\/div>\n\n<hr class=\"\" style=\"margin:0 auto 30px;\"\/>\n\n<div class=\"column one-second mobile-one\"><div class=\"mcb-column-inner\"><\/p>\n<h3>Wie man dieses Produkt benutzt<\/h3>\n<p>Entdecken Sie die Rezepte, die dieses Produkt verwenden.<\/p>\n<p>&nbsp;<\/p>\n<p><\/div><\/div>\n\n<div class=\"column one-second mobile-one\"><div class=\"mcb-column-inner\"><\/p>\n<h3>Ern\u00e4hrungswerte<\/h3>\n<p>100 g \/ ml enth\u00e4lt:<\/p>\n<table class=\"nutdetail\">\n<tbody>\n<tr>\n<td class=\"naehr1\" style=\"text-align: left;\"><\/td>\n<td class=\"naehr2\" style=\"text-align: left;\"><\/td>\n<td class=\"naehr3\" style=\"text-align: left;\">Quantit\u00e9<\/td>\n<\/tr>\n<tr class=\"\">\n<td class=\"naehr1\" style=\"text-align: left;\">\u00c9nergie en KJ<\/td>\n<td class=\"naehr2\"><\/td>\n<td class=\"black naehr3\" style=\"text-align: left;\">1106 KJ<\/td>\n<\/tr>\n<tr class=\"backgreen\">\n<td class=\"naehr1\" style=\"text-align: left;\">\u00c9nergie en Kcal<\/td>\n<td class=\"naehr2\"><\/td>\n<td class=\"black naehr3\" style=\"text-align: left;\">264 Kcal<\/td>\n<\/tr>\n<tr class=\"\">\n<td class=\"naehr1\" style=\"text-align: left;\">Gras total<\/td>\n<td class=\"naehr2\"><\/td>\n<td class=\"black naehr3\" style=\"text-align: left;\">4.3 g<\/td>\n<\/tr>\n<tr class=\"backgreen\">\n<td style=\"text-align: left;\" colspan=\"5\">dont:<\/td>\n<\/tr>\n<tr class=\"\">\n<td class=\"naehr1\">&#8212;<\/td>\n<td class=\"naehr2\" style=\"text-align: left;\">Acide gras satur\u00e9<\/td>\n<td class=\"black naehr3\" style=\"text-align: left;\">0.6 g<\/td>\n<\/tr>\n<tr class=\"backgreen\">\n<td class=\"naehr1\" style=\"text-align: left;\">Hydrates de carbone total<\/td>\n<td class=\"naehr2\"><\/td>\n<td class=\"black naehr3\" style=\"text-align: left;\">44.8 g<\/td>\n<\/tr>\n<tr class=\"\">\n<td style=\"text-align: left;\" colspan=\"5\">dont:<\/td>\n<\/tr>\n<tr class=\"backgreen\">\n<td class=\"naehr1\">&#8212;<\/td>\n<td class=\"naehr2\" style=\"text-align: left;\">Sucres<\/td>\n<td class=\"black naehr3\" style=\"text-align: left;\">14.1 g<\/td>\n<\/tr>\n<tr class=\"\">\n<td class=\"naehr1\" style=\"text-align: left;\">Fibre alimentaire<\/td>\n<td class=\"naehr2\"><\/td>\n<td class=\"black naehr3\" style=\"text-align: left;\">6.6 g<\/td>\n<\/tr>\n<tr class=\"\">\n<td class=\"naehr1\" style=\"text-align: left;\">Prot\u00e9ine<\/td>\n<td class=\"naehr2\"><\/td>\n<td class=\"black naehr3\" style=\"text-align: left;\">10.1 g<\/td>\n<\/tr>\n<tr class=\"backgreen\">\n<td class=\"naehr1\" style=\"text-align: left;\">Sel<\/td>\n<td class=\"naehr2\" style=\"text-align: left;\"><\/td>\n<td class=\"black naehr3\" style=\"text-align: left;\">10.8 g<\/td>\n<\/tr>\n<\/tbody>\n<\/table>\n<p><\/div><\/div>\n\n<hr class=\"\" style=\"margin:0 auto 30px;\"\/>\n\n","protected":false},"excerpt":{"rendered":"<div id=\"short_description_block\">\n<div id=\"short_description_content\" class=\"rte align_justify\">\n<div id=\"short_description_block\">\n<div id=\"short_description_content\" class=\"rte align_justify\">\n<div id=\"short_description_block\">\n<div id=\"short_description_content\" class=\"rte align_justify\">\n<div id=\"short_description_block\">\n<div id=\"short_description_content\" class=\"rte align_justify\">\n<div id=\"short_description_block\">\n<div id=\"short_description_content\" class=\"rte align_justify\">\n<p>F\u00fcr unsere Chalet-Suppe haben wir uns von der Tradition in Gruy\u00e8re inspirieren lassen. Geniesser essen sie mit etwas geriebenem K\u00e4se und Rahm. Die Teigwaren enthalten kein Gluten. Ein komplettes Mahl, perfekt mit einer Scheibe ger\u00f6stetem Brot!<\/p>\n<p><a href=\"https:\/\/www.lucul.shop\/produit-etiquette\/sans-lactose\/\" data-wp-editing=\"1\"><img loading=\"lazy\" decoding=\"async\" class=\"alignnone size-full wp-image-5727\" src=\"https:\/\/www.lucul.shop\/wp-content\/uploads\/2019\/05\/icon-food_sans-lactose.png\" alt=\"\" width=\"23\" height=\"23\" \/>\u00a0 Laktosefrei<\/a><a href=\"https:\/\/www.lucul.shop\/produit-etiquette\/sans-gluten\/\"><br \/>\n<\/a><a href=\"https:\/\/www.lucul.shop\/de\/produit-etiquette\/gluten-frei\/\"><img loading=\"lazy\" decoding=\"async\" class=\"alignnone size-full wp-image-4514\" src=\"https:\/\/www.lucul.shop\/wp-content\/uploads\/2018\/08\/icon-food_Plan-de-travail-1-copie-3.png\" alt=\"\" width=\"23\" height=\"23\" \/> \u00a0\u00a0Gluten-frei<\/a><br \/>\n<a href=\"https:\/\/www.lucul.shop\/de\/produit-etiquette\/allergenfrei\/\"><img loading=\"lazy\" decoding=\"async\" class=\"alignnone size-full wp-image-5728\" src=\"https:\/\/www.lucul.shop\/wp-content\/uploads\/2019\/05\/icon-food_sans-allergene.png\" alt=\"\" width=\"23\" height=\"23\" \/>\u00a0 Allergenfrei<\/a><br \/>\n<a href=\"https:\/\/www.lucul.shop\/de\/produit-etiquette\/100-pflanzlich\/\"><img loading=\"lazy\" decoding=\"async\" class=\"alignnone size-full wp-image-5730\" src=\"https:\/\/www.lucul.shop\/wp-content\/uploads\/2019\/05\/icon-food_vegan.png\" alt=\"\" width=\"23\" height=\"23\" \/>\u00a0 100% pflanzlich<\/a><\/p>\n<\/div>\n<\/div>\n<\/div>\n<\/div>\n<\/div>\n<\/div>\n<\/div>\n<\/div>\n<\/div>\n<\/div>\n","protected":false},"featured_media":11752,"template":"","meta":{"_acf_changed":false},"product_brand":[],"product_cat":[370],"product_tag":[424,443,423,435,441,442],"class_list":{"0":"post-11751","1":"product","2":"type-product","3":"status-publish","4":"has-post-thumbnail","6":"product_cat-suppen","7":"product_tag-100-pflanzlich","8":"product_tag-allergenfrei","9":"product_tag-gluten-frei","10":"product_tag-laktosefrei","11":"product_tag-ohne-sellerie","12":"product_tag-palm-fettfrei","14":"first","15":"instock","16":"taxable","17":"shipping-taxable","18":"purchasable","19":"product-type-woosb"},"acf":[],"_links":{"self":[{"href":"https:\/\/www.lucul.shop\/de\/wp-json\/wp\/v2\/product\/11751","targetHints":{"allow":["GET"]}}],"collection":[{"href":"https:\/\/www.lucul.shop\/de\/wp-json\/wp\/v2\/product"}],"about":[{"href":"https:\/\/www.lucul.shop\/de\/wp-json\/wp\/v2\/types\/product"}],"wp:featuredmedia":[{"embeddable":true,"href":"https:\/\/www.lucul.shop\/de\/wp-json\/wp\/v2\/media\/11752"}],"wp:attachment":[{"href":"https:\/\/www.lucul.shop\/de\/wp-json\/wp\/v2\/media?parent=11751"}],"wp:term":[{"taxonomy":"product_brand","embeddable":true,"href":"https:\/\/www.lucul.shop\/de\/wp-json\/wp\/v2\/product_brand?post=11751"},{"taxonomy":"product_cat","embeddable":true,"href":"https:\/\/www.lucul.shop\/de\/wp-json\/wp\/v2\/product_cat?post=11751"},{"taxonomy":"product_tag","embeddable":true,"href":"https:\/\/www.lucul.shop\/de\/wp-json\/wp\/v2\/product_tag?post=11751"}],"curies":[{"name":"wp","href":"https:\/\/api.w.org\/{rel}","templated":true}]}}