{"id":11403,"date":"2024-09-30T16:08:09","date_gmt":"2024-09-30T14:08:09","guid":{"rendered":"https:\/\/www.lucul.shop\/?post_type=product&#038;p=11403"},"modified":"2024-10-09T20:03:14","modified_gmt":"2024-10-09T18:03:14","slug":"gemuesebouillon-mit-alpenkraeutern-inspiration-paste-150-g","status":"publish","type":"product","link":"https:\/\/www.lucul.shop\/de\/produkt\/gemuesebouillon-mit-alpenkraeutern-inspiration-paste-150-g\/","title":{"rendered":"Gem\u00fcsebouillon mit Alpenkr\u00e4utern &#8220;Inspiration&#8221;- Paste &#8211; 150 g"},"content":{"rendered":"<div class=\"column one-second mobile-one\"><div class=\"mcb-column-inner\"><\/p>\n<h3>Zutaten<\/h3>\n<p>Jodfreies Kochsalz, pflanzliches Eiweiss (Mais), Sheabutter, Hefeextrakt, Raps\u00f6l, Gem\u00fcse 9.3% (Karotten, Lauch, Zwiebeln, Knoblauch, Petersilie, Pastinake) Tomatenp\u00fcree, nat\u00fcrliches Aroma, Zucker, Kr\u00e4uterstrauss Grand St-Bernhard, Kurkuma, schwarzer Pfeffer.<\/div><\/div>\n\n<div class=\"column one-second mobile-one\"><div class=\"mcb-column-inner\"><\/p>\n<h3>Zubereitung<\/h3>\n<p>22 g (1 Essl\u00f6ffel) in 1 Liter leicht kochendem Wasser aufgel\u00f6st, ergibt eine feinschmeckende Vegetalbr\u00fche.<\/div><\/div>\n\n<hr class=\"\" style=\"margin:0 auto 30px;\"\/>\n\n<div class=\"column one-second mobile-one\"><div class=\"mcb-column-inner\"><\/p>\n<h3>Allergen info<\/h3>\n<p>laktosefrei, glutenfrei, selleriefrei.<\/div><\/div>\n\n<div class=\"column one-second mobile-one\"><div class=\"mcb-column-inner\"><\/p>\n<h3>Haltbartkeit<\/h3>\n<p><span lang=\"de\" xml:lang=\"de\">12 Monaten.<\/span>Vor W\u00e4rme und Feuchtigkeit sch\u00fctzen.<\/div><\/div>\n\n<hr class=\"\" style=\"margin:0 auto 30px;\"\/>\n\n<div class=\"column one-second mobile-one\"><div class=\"mcb-column-inner\"><\/p>\n<h3>Wie man dieses Produkt benutzt<\/h3>\n<p>Entdecken Sie die Rezepte, die dieses Produkt verwenden.<\/p>\n<p><\/div><\/div>\n\n<div class=\"column one-second mobile-one\"><div class=\"mcb-column-inner\"><\/p>\n<h3>Ern\u00e4hrungswerte<\/h3>\n<p>200 ml trinkfertiges Produkt enth\u00e4lt:<\/p>\n<table class=\"nutdetail\">\n<tbody>\n<tr>\n<td class=\"naehr1\" style=\"text-align: left;\"><\/td>\n<td class=\"naehr2\" style=\"text-align: left;\"><\/td>\n<td class=\"naehr3\" style=\"text-align: left;\">menge<\/td>\n<\/tr>\n<tr class=\"\">\n<td class=\"naehr1\" style=\"text-align: left;\">Energiewert KJ<\/td>\n<td class=\"naehr2\"><\/td>\n<td class=\"black naehr3\" style=\"text-align: left;\">62.6 KJ<\/td>\n<\/tr>\n<tr class=\"backgreen\">\n<td class=\"naehr1\" style=\"text-align: left;\">Energiewert Kcal<\/td>\n<td class=\"naehr2\"><\/td>\n<td class=\"black naehr3\" style=\"text-align: left;\">15.0 Kcal<\/td>\n<\/tr>\n<tr class=\"\">\n<td class=\"naehr1\" style=\"text-align: left;\">Fett<\/td>\n<td class=\"naehr2\"><\/td>\n<td class=\"black naehr3\" style=\"text-align: left;\">1.2 g<\/td>\n<\/tr>\n<tr class=\"backgreen\">\n<td style=\"text-align: left;\" colspan=\"5\">davon:<\/td>\n<\/tr>\n<tr class=\"\">\n<td class=\"naehr1\">&#8212;<\/td>\n<td class=\"naehr2\" style=\"text-align: left;\">ges\u00e4ttigte Fettsa\u00fcren<\/td>\n<td class=\"black naehr3\" style=\"text-align: left;\">0.4 g<\/td>\n<\/tr>\n<tr class=\"backgreen\">\n<td class=\"naehr1\" style=\"text-align: left;\">Kohlenhydrate<\/td>\n<td class=\"naehr2\"><\/td>\n<td class=\"black naehr3\" style=\"text-align: left;\">0.3 g<\/td>\n<\/tr>\n<tr class=\"\">\n<td style=\"text-align: left;\" colspan=\"5\">davon:<\/td>\n<\/tr>\n<tr class=\"backgreen\">\n<td class=\"naehr1\">&#8212;<\/td>\n<td class=\"naehr2\" style=\"text-align: left;\">Zucker<\/td>\n<td class=\"black naehr3\" style=\"text-align: left;\">0.2 g<\/td>\n<\/tr>\n<tr class=\"\">\n<td class=\"naehr1\" style=\"text-align: left;\">Eiweiss<\/td>\n<td class=\"naehr2\"><\/td>\n<td class=\"black naehr3\" style=\"text-align: left;\">0.7 g<\/td>\n<\/tr>\n<tr class=\"backgreen\">\n<td class=\"naehr1\" style=\"text-align: left;\">Salz<\/td>\n<td class=\"naehr2\" style=\"text-align: left;\"><\/td>\n<td class=\"black naehr3\" style=\"text-align: left;\">1.8 g<\/td>\n<\/tr>\n<\/tbody>\n<\/table>\n<p><\/div><\/div>\n\n<hr class=\"\" style=\"margin:0 auto 30px;\"\/>\n\n","protected":false},"excerpt":{"rendered":"<p>Eine Gem\u00fcsebr\u00fche mit Alpenkr\u00e4utern, 100 % pflanzlich mit ihren aromatischen Noten von Thymian, Basilikum und Bohnenkraut wird Ihren Gerichten Sonne verleihen..<\/p>\n<p><a href=\"https:\/\/www.lucul.shop\/produit-etiquette\/sans-lactose\/\" data-wp-editing=\"1\"><img loading=\"lazy\" decoding=\"async\" class=\"alignnone size-full wp-image-5727\" src=\"https:\/\/www.lucul.shop\/wp-content\/uploads\/2019\/05\/icon-food_sans-lactose.png\" alt=\"\" width=\"23\" height=\"23\" \/>\u00a0 Laktosefrei<\/a><a href=\"https:\/\/www.lucul.shop\/produit-etiquette\/sans-gluten\/\"><br \/>\n<\/a><a href=\"https:\/\/www.lucul.shop\/de\/produit-etiquette\/gluten-frei\/\"><img loading=\"lazy\" decoding=\"async\" class=\"alignnone size-full wp-image-4514\" src=\"https:\/\/www.lucul.shop\/wp-content\/uploads\/2018\/08\/icon-food_Plan-de-travail-1-copie-3.png\" alt=\"\" width=\"23\" height=\"23\" \/> \u00a0\u00a0Gluten-frei<\/a><br \/>\n<a href=\"https:\/\/www.lucul.shop\/de\/produit-etiquette\/100-pflanzlich\/\"><img loading=\"lazy\" decoding=\"async\" class=\"alignnone size-full wp-image-5730\" src=\"https:\/\/www.lucul.shop\/wp-content\/uploads\/2019\/05\/icon-food_vegan.png\" alt=\"\" width=\"23\" height=\"23\" \/>\u00a0 100% pflanzlich<\/a><\/p>\n<p>&nbsp;<\/p>\n","protected":false},"featured_media":11433,"template":"","meta":{"_acf_changed":false},"product_brand":[],"product_cat":[367,446],"product_tag":[424,443,426,430,423,435,441,442,549],"class_list":{"0":"post-11403","1":"product","2":"type-product","3":"status-publish","4":"has-post-thumbnail","6":"product_cat-bruehe","7":"product_cat-pate-de","8":"product_tag-100-pflanzlich","9":"product_tag-allergenfrei","10":"product_tag-bruehen","11":"product_tag-gemuese","12":"product_tag-gluten-frei","13":"product_tag-laktosefrei","14":"product_tag-ohne-sellerie","15":"product_tag-palm-fettfrei","16":"product_tag-sans-glutamate-de-2","18":"first","19":"instock","20":"taxable","21":"shipping-taxable","22":"purchasable","23":"product-type-simple"},"acf":[],"_links":{"self":[{"href":"https:\/\/www.lucul.shop\/de\/wp-json\/wp\/v2\/product\/11403","targetHints":{"allow":["GET"]}}],"collection":[{"href":"https:\/\/www.lucul.shop\/de\/wp-json\/wp\/v2\/product"}],"about":[{"href":"https:\/\/www.lucul.shop\/de\/wp-json\/wp\/v2\/types\/product"}],"wp:featuredmedia":[{"embeddable":true,"href":"https:\/\/www.lucul.shop\/de\/wp-json\/wp\/v2\/media\/11433"}],"wp:attachment":[{"href":"https:\/\/www.lucul.shop\/de\/wp-json\/wp\/v2\/media?parent=11403"}],"wp:term":[{"taxonomy":"product_brand","embeddable":true,"href":"https:\/\/www.lucul.shop\/de\/wp-json\/wp\/v2\/product_brand?post=11403"},{"taxonomy":"product_cat","embeddable":true,"href":"https:\/\/www.lucul.shop\/de\/wp-json\/wp\/v2\/product_cat?post=11403"},{"taxonomy":"product_tag","embeddable":true,"href":"https:\/\/www.lucul.shop\/de\/wp-json\/wp\/v2\/product_tag?post=11403"}],"curies":[{"name":"wp","href":"https:\/\/api.w.org\/{rel}","templated":true}]}}