{"id":10832,"date":"2024-03-27T17:28:26","date_gmt":"2024-03-27T16:28:26","guid":{"rendered":"https:\/\/www.lucul.shop\/?post_type=product&#038;p=10832"},"modified":"2025-09-01T01:00:01","modified_gmt":"2025-08-31T23:00:01","slug":"lioba-infusion-lamante-minze-co-pack-20-beutel","status":"publish","type":"product","link":"https:\/\/www.lucul.shop\/de\/produkt\/lioba-infusion-lamante-minze-co-pack-20-beutel\/","title":{"rendered":"Lioba-Infusion \u00ab L\u2019amante \u00bb \u2013 Minze &#038; Co. &#8211; Pack 20 Beutel"},"content":{"rendered":"<div class=\"column one-second mobile-one\"><div class=\"mcb-column-inner\"><\/p>\n<h3>Zutaten<\/h3>\n<p>Pfefferminze 70% (Polen), Krauseminze, Marokkanische Minze<\/p>\n<p>. <\/div><\/div>\n\n<div class=\"column one-second mobile-one\"><div class=\"mcb-column-inner\"><\/p>\n<h3>Zubereitung<\/h3>\n<p>f\u00fcr 1 Tasse 1 Beutel mit kochendem Wasser \u00fcbergie\u00dfen und (m\u00f6glichst zugedeckt) 5 bis 10 Minuten ziehen lassen.<\/div><\/div>\n\n<hr class=\"\" style=\"margin:0 auto 30px;\"\/>\n\n<div class=\"column one-second mobile-one\"><div class=\"mcb-column-inner\"><\/p>\n<h3>Allergen info<\/h3>\n<p>Ohne Allergen <\/div><\/div>\n\n<div class=\"column one-second mobile-one\"><div class=\"mcb-column-inner\"><\/p>\n<h3>Haltbartkeit<\/h3>\n<p>12 Monate an einem dunklen, trockenen Ort bei Raumtemperatur.<\/div><\/div>\n\n<hr class=\"\" style=\"margin:0 auto 30px;\"\/>\n\n<div class=\"column one-second mobile-one\"><div class=\"mcb-column-inner\"><\/p>\n<p><\/div><\/div>\n\n<p><hr class=\"\" style=\"margin:0 auto 30px;\"\/>\n<strong><br \/>\n<\/strong><\/p>\n","protected":false},"excerpt":{"rendered":"<h2>Das <a href=\"https:\/\/www.lesinfusionslioba.ch\/produits-naturels-plantes-medicinales\">Lioba-Universum<\/a>, das ist &#8230;<\/h2>\n<p>&#8230;zehn Pflanzenmischungen mit ausgefallenen Namen, die Sie ohne M\u00e4\u00dfigung genie\u00dfen k\u00f6nnen, um Ihrem K\u00f6rper, aber auch Ihrem Geist etwas Gutes zu tun. Die Qualit\u00e4t der losen Ware in Form von zellophanierten Portionsbeuteln erm\u00f6glicht es, diesen Genuss auf einfache und schnelle Weise zu genie\u00dfen.<\/p>\n<p>Der aromatische Geschmack Marokkos verw\u00f6hnt Ihren Gaumen und entf\u00fchrt Sie auf eine Reise an einen faszinierenden und geheimnisvollen Ort.<\/p>\n<p>&nbsp;<\/p>\n","protected":false},"featured_media":10834,"template":"","meta":{"_acf_changed":false},"product_brand":[],"product_cat":[490,581],"product_tag":[],"class_list":{"0":"post-10832","1":"product","2":"type-product","3":"status-publish","4":"has-post-thumbnail","6":"product_cat-epicerie-de","7":"product_cat-infusion-the-kombucha","9":"first","10":"instock","11":"featured","12":"taxable","13":"shipping-taxable","14":"purchasable","15":"product-type-simple"},"acf":[],"_links":{"self":[{"href":"https:\/\/www.lucul.shop\/de\/wp-json\/wp\/v2\/product\/10832","targetHints":{"allow":["GET"]}}],"collection":[{"href":"https:\/\/www.lucul.shop\/de\/wp-json\/wp\/v2\/product"}],"about":[{"href":"https:\/\/www.lucul.shop\/de\/wp-json\/wp\/v2\/types\/product"}],"wp:featuredmedia":[{"embeddable":true,"href":"https:\/\/www.lucul.shop\/de\/wp-json\/wp\/v2\/media\/10834"}],"wp:attachment":[{"href":"https:\/\/www.lucul.shop\/de\/wp-json\/wp\/v2\/media?parent=10832"}],"wp:term":[{"taxonomy":"product_brand","embeddable":true,"href":"https:\/\/www.lucul.shop\/de\/wp-json\/wp\/v2\/product_brand?post=10832"},{"taxonomy":"product_cat","embeddable":true,"href":"https:\/\/www.lucul.shop\/de\/wp-json\/wp\/v2\/product_cat?post=10832"},{"taxonomy":"product_tag","embeddable":true,"href":"https:\/\/www.lucul.shop\/de\/wp-json\/wp\/v2\/product_tag?post=10832"}],"curies":[{"name":"wp","href":"https:\/\/api.w.org\/{rel}","templated":true}]}}