{"id":6101,"date":"2020-03-02T18:06:17","date_gmt":"2020-03-02T17:06:17","guid":{"rendered":"https:\/\/www.lucul.shop\/mentions-legales\/"},"modified":"2022-12-15T23:05:45","modified_gmt":"2022-12-15T22:05:45","slug":"rechtliche-hinweise","status":"publish","type":"page","link":"https:\/\/www.lucul.shop\/de\/rechtliche-hinweise\/","title":{"rendered":"Rechtliche Hinweise"},"content":{"rendered":"<div class=\"rte\">\n<h5><strong>Umgang mit Daten<\/strong><\/h5>\n<p class=\"bodytext\">Lucul AG verpflichtet sich, pers\u00f6nliche Daten streng vertraulich zu behandeln und nicht ausserhalb der Lucul Aktiengesellschaft weiterzugeben, oder an Dritte zu verkaufen oder zug\u00e4nglich zu machen. Wenn Sie einen Online-Kauf t\u00e4tigen, leiten wir alle Ihre Transaktionen mit SSL (Secure Socket Layers) weiter. Somit werden Ihre pers\u00f6nlichen Daten umgehend verschl\u00fcsselt, und f\u00fcr Aussenstehende nicht erkennbar gemacht.<\/p>\n<p class=\"bodytext\">Bei bestimmten Angeboten auf unserer Site werden Sie aufgefordert, pers\u00f6nliche Angaben zu machen. Dies ist zum Beispiel der Fall, wenn Sie Eink\u00e4ufe machen, an einem Wettbewerb teilnehmen oder einen Newsletter abonnieren. Sie erlauben uns damit, Ihnen personalisierte Angebote \u00fcber unsere Produkte und Dienstleistungen zu machen. Ihre personenbezogenen Angaben werden ausschliesslich f\u00fcr den angegebenen Zweck verwendet. In anonymisierter Form dienen diese Daten dazu, die Website noch besser auf die Bed\u00fcrfnisse der Besucher anzupassen.<\/p>\n<p class=\"bodytext\">Demgegen\u00fcber gelten Mitteilungen und Informationen, wie zum Beispiel Bemerkungen, Anregungen, Ideen, Rezepte usw., die ein Benutzer selber auf der Website ver\u00f6ffentlicht, oder mittels E-Mail an die Website sendet, nicht als vertraulich oder geistiges Eigentum des Benutzers und k\u00f6nnen von Lucul AG frei verwendet werden.<\/p>\n<div id=\"contentHolder\">\n<div class=\"subHolder\">\n<div id=\"c204\" class=\"csc-default\">\n<div>\n<div class=\"subHolder\">\n<div class=\"csc-default\">\n<h5><strong>Kreditkarte<\/strong><\/h5>\n<\/div>\n<\/div>\n<\/div>\n<p class=\"bodytext\">Im Falle der Online-K\u00e4ufe per Kreditkarte durchgef\u00fchrt, werden diese Daten in verschl\u00fcsselter Form mit \u201estate-of-the-art-Technologie\u201c \u00fcbertragen werden und werden ausschlie\u00dflich f\u00fcr Abrechnungszwecke gespeichert werden.<\/p>\n<h5 class=\"bodytext\"><strong>Auskunftsrecht<\/strong><\/h5>\n<p class=\"bodytext\">Sie haben das Recht zu erfahren, welche pers\u00f6nlichen Daten wir von Ihnen speichern und allenfalls falsche Angaben zu berichtigen. In einem solchen Fall kontaktieren Sie bitte:\u00a0<a>info(at)lucul-swiss.ch<\/a><\/p>\n<p class=\"bodytext\">\n<\/div>\n<\/div>\n<\/div>\n<h5 class=\"bodytext\"><strong>Urheberrecht\/Copyright<\/strong><\/h5>\n<p class=\"bodytext\">Die auf der Lucul AG Website enthaltenen Texte, Bilder, Logos, Grafiken, Tonwerke, Animationen und Videos sind Eigentum von Lucul AG oder mit ihr verbundener Unternehmen und unterliegen dem Schutz des Urheberrechtsgesetzes und\/oder weiterer Schutzrechte. Die kommerzielle Nutzung des Inhaltes der Lucul AG Websites durch jede Art der Vervielf\u00e4ltigung, Verbreitung und Ver\u00e4nderung ist untersagt.<\/p>\n<h5 class=\"bodytext\"><strong>Markenrechte<\/strong><\/h5>\n<p class=\"bodytext\">Die auf der Lucul AG Website genannten Marken und Logos sind markenrechtlich gesch\u00fctzt. Dritten ist die Nutzung und Verwendung s\u00e4mtlicher Marken und Logos untersagt.<\/p>\n<h5 class=\"bodytext\"><strong>Inhalte<\/strong><\/h5>\n<p class=\"bodytext\">Lucul AG hat bei der Erstellung der Website gr\u00f6sstm\u00f6gliche Sorgfalt aufgewendet. Es besteht jedoch keine Garantie f\u00fcr die Vollst\u00e4ndigkeit und Aktualit\u00e4t der Daten und Informationen. Die Nutzung der auf den Internetseiten zur Verf\u00fcgung gestellten Inhalte und Informationen erfolgt auf alleinige Gefahr der Benutzer. Lucul AG schliesst jede Haftung aus und \u00fcbernimmt keine Verantwortung f\u00fcr m\u00f6gliche Sch\u00e4den, die aus einer direkten oder indirekten Verwendung der wiedergegebenen Daten und Informationen resultieren.<\/p>\n<p class=\"bodytext\">Lucul AG beh\u00e4lt sich vor, Diskussionen, Chats, Informationen, Nachrichten usw., welche die Benutzer in Kommunikationsforen \u00fcbermitteln, zu \u00fcberpr\u00fcfen und ihrer Auffassung nach unerlaubte Inhalte ohne Vorank\u00fcndigung zu l\u00f6schen. Sie kann jedoch f\u00fcr die Inhalte solcher Kommunikationsforen keine Verantwortung \u00fcbernehmen.<\/p>\n<p>Lucul AG \u00fcberpr\u00fcft keine Websites von Dritten, auf die mittels Link verwiesen wird und \u00fcbernimmt keine Verantwortung und Haftung f\u00fcr die Inhalte solcher Websites.<\/p>\n<h5 class=\"bodytext\"><strong>Google Analyics und Google Remarketing<\/strong><\/h5>\n<p class=\"bodytext\">Diese Website benutzt Google Analytics, Google AdWords Conversion Tracking und Google Remarketing. Google verwendet sogenannte Cookies, die auf Ihrem Computer gespeichert werden und die eine Analyse der Benutzung der Website durch Sie erm\u00f6glicht. Google Analytics erfasst die Informationen anonym und die Website-Trends enthalten keine Angaben zu einzelnen Besuchern. Google Analytics verwendet ein eigenes Cookie zum Tracking von Besucherinteraktionen. In den Cookies werden Informationen wie der Zeitpunkt des Besuchs gespeichert, sowie Informationen dazu, ob es sich um den ersten Besuch eines Nutzers handelt, und Angaben zur Website, die den Nutzer auf die jeweilige Webseite verwiesen hat. Die durch Cookies erzeugten Informationen werden an einen Server von Google in den USA \u00fcbertragen und dort gespeichert. Google kann diese Informationen gegebenenfalls an Dritte \u00fcbertragen, sofern dies gesetzlich vorgeschrieben oder soweit Dritte diese Daten im Auftrag von Google verarbeiten. Google beachtet die Datenschutzbestimmungen des US-Safe-Harbor-Abkommens und ist beim Safe Harbor-Programm des US-Handelsministeriums registriert. Beim Google AdWords Conversion Tracking wird zur Leistungsbestimmung ein Cookie verwendet, nachdem Sie auf eine AdWords-Anzeige geklickt haben. Im Rahmen von Google Remarketing wird mit Cookies das Surfverhalten der Webseitenbesucher zu Marketingzwecken in anonymisierter Form gesammelt und dazu verwendet, Werbeangebote an Ihre Interessen anzupassen.<\/p>\n<p class=\"bodytext\">In keinem Fall aber werden durch diese Technik personenbezogene Daten erhoben oder gespeichert, die einen R\u00fcckschluss auf die Identit\u00e4t des Website-Besuchers erm\u00f6glichen. Der Datenerhebung und -speicherung kann jederzeit mit Wirkung f\u00fcr die Zukunft widersprochen werden. Sie k\u00f6nnen die Verwendung von Cookies f\u00fcr Google AdWords Conversion Tracking und Google Remarketing unter\u00a0<a href=\"http:\/\/www.google.com\/ads\/preferences\" target=\"_blank\" rel=\"noopener noreferrer\">www.google.com\/ads\/preferences<\/a>\u00a0einsehen und unter\u00a0<a href=\"http:\/\/www.networkadvertising.org\/managing\/opt_out.asp\" target=\"_blank\" rel=\"noopener noreferrer\">www.networkadvertising.org\/managing\/opt_out.asp<\/a>\u00a0deaktivieren. Sollten Sie alle Ihre Cookies im Browser l\u00f6schen, m\u00fcssen Sie den Vorgang wiederholen. Weiter k\u00f6nnen Sie die Installation der Cookies durch eine entsprechende Einstellung in Ihrem Browser auch g\u00e4nzlich verhindern, wir weisen Sie jedoch darauf hin, dass Sie in diesem Fall gegebenenfalls nicht s\u00e4mtliche Funktionen dieser Website voll umf\u00e4nglich nutzen k\u00f6nnen. Wenn Sie Google Analytics deaktivieren m\u00f6chten, finden Sie das passende Browser-Add-On unter\u00a0<a href=\"http:\/\/tools.google.com\/dlpage\/gaoptout?hl=de\" target=\"_blank\" rel=\"noopener noreferrer\">tools.google.com\/dlpage\/gaoptout<\/a>.<\/p>\n<p class=\"bodytext\">Durch die Nutzung dieser Website erkl\u00e4ren Sie sich mit der Speicherung und Bearbeitung der \u00fcber Sie erhobenen Daten zu dem zuvor benannten Zweck einverstanden.<\/p>\n<p class=\"bodytext\">Weitere Informationen zu Google Werbung und Datenschutz erhalten Sie unter\u00a0<a href=\"http:\/\/www.google.de\/policies\/privacy\/ads\/\" target=\"_blank\" rel=\"noopener noreferrer\">www.google.de\/policies\/privacy\/ads\/<\/a>.<\/p>\n<h5 class=\"bodytext\"><strong>E-Mail Newsletter<\/strong><\/h5>\n<p class=\"bodytext\">Newsletter werden unseren Kunden und Interessenten nur auf ausdr\u00fccklichen Wunsch zugesandt.<\/p>\n<p class=\"bodytext\">In jedem Newsletter bieten wir eine M\u00f6glichkeit zur Korrektur, Aktualisierung oder Entfernung der von Empf\u00e4nger zur Verf\u00fcgung gestellten Informationen. User, die nicht l\u00e4nger unseren Newsletter oder unsere Werbe E-Mails empfangen m\u00f6chten, k\u00f6nnen Sie das H\u00e4kchen &#8220;ich m\u00f6chte den Newsletter erhalten\u00a0\u00bb entfernen.<\/p>\n<\/div>\n","protected":false},"excerpt":{"rendered":"<p>Umgang mit Daten Lucul AG verpflichtet sich, pers\u00f6nliche Daten streng vertraulich zu behandeln und nicht ausserhalb der Lucul Aktiengesellschaft weiterzugeben, oder an Dritte zu verkaufen oder<span class=\"excerpt-hellip\"> [\u2026]<\/span><\/p>\n","protected":false},"author":4,"featured_media":0,"parent":0,"menu_order":0,"comment_status":"closed","ping_status":"closed","template":"","meta":{"_acf_changed":false,"footnotes":""},"class_list":["post-6101","page","type-page","status-publish","hentry"],"acf":[],"_links":{"self":[{"href":"https:\/\/www.lucul.shop\/de\/wp-json\/wp\/v2\/pages\/6101","targetHints":{"allow":["GET"]}}],"collection":[{"href":"https:\/\/www.lucul.shop\/de\/wp-json\/wp\/v2\/pages"}],"about":[{"href":"https:\/\/www.lucul.shop\/de\/wp-json\/wp\/v2\/types\/page"}],"author":[{"embeddable":true,"href":"https:\/\/www.lucul.shop\/de\/wp-json\/wp\/v2\/users\/4"}],"replies":[{"embeddable":true,"href":"https:\/\/www.lucul.shop\/de\/wp-json\/wp\/v2\/comments?post=6101"}],"version-history":[{"count":4,"href":"https:\/\/www.lucul.shop\/de\/wp-json\/wp\/v2\/pages\/6101\/revisions"}],"predecessor-version":[{"id":6108,"href":"https:\/\/www.lucul.shop\/de\/wp-json\/wp\/v2\/pages\/6101\/revisions\/6108"}],"wp:attachment":[{"href":"https:\/\/www.lucul.shop\/de\/wp-json\/wp\/v2\/media?parent=6101"}],"curies":[{"name":"wp","href":"https:\/\/api.w.org\/{rel}","templated":true}]}}